{"id":7135,"date":"2018-06-02T06:20:59","date_gmt":"2018-06-02T06:20:59","guid":{"rendered":"https:\/\/pascalcaillens.com\/physio\/?page_id=7135"},"modified":"2025-09-04T11:43:30","modified_gmt":"2025-09-04T15:43:30","slug":"contact","status":"publish","type":"page","link":"https:\/\/www.physioemotion.ca\/fr\/contact\/","title":{"rendered":"Contact"},"content":{"rendered":"<div data-elementor-type=\"wp-page\" data-elementor-id=\"7135\" class=\"elementor elementor-7135\" data-elementor-post-type=\"page\">\n\t\t\t\t<div class=\"elementor-element elementor-element-152b32a e-flex e-con-boxed e-con e-parent\" data-id=\"152b32a\" data-element_type=\"container\">\n\t\t\t\t\t<div class=\"e-con-inner\">\n\t\t\t\t<div class=\"elementor-element elementor-element-1e611d0 elementor-widget elementor-widget-heading\" data-id=\"1e611d0\" data-element_type=\"widget\" data-widget_type=\"heading.default\">\n\t\t\t\t<div class=\"elementor-widget-container\">\n\t\t\t\t\t<h2 class=\"elementor-heading-title elementor-size-default\">Pour nous joindre<\/h2>\t\t\t\t<\/div>\n\t\t\t\t<\/div>\n\t\t\t\t\t<\/div>\n\t\t\t\t<\/div>\n\t\t<div class=\"elementor-element elementor-element-42d4ef7 e-flex e-con-boxed e-con e-parent\" data-id=\"42d4ef7\" data-element_type=\"container\">\n\t\t\t\t\t<div class=\"e-con-inner\">\n\t\t<div class=\"elementor-element elementor-element-a2a33d3 e-con-full e-flex e-con e-child\" data-id=\"a2a33d3\" data-element_type=\"container\">\n\t\t\t\t<div class=\"elementor-element elementor-element-599bebc elementor-widget elementor-widget-text-editor\" data-id=\"599bebc\" data-element_type=\"widget\" data-widget_type=\"text-editor.default\">\n\t\t\t\t<div class=\"elementor-widget-container\">\n\t\t\t\t\t\t\t\t\t<p>Vous avez des questions concernant nos services ? Vous avez besoin de parler \u00e0 un conseiller ?<\/p><p>Nous sommes l\u00e0 pour vous r\u00e9pondre et vous servir alors appelez-nous d\u00e8s maintenant au <a href=\"tel:+18199434865\">(819) 943-4865<\/a> ou \u00e9crivez-nous via ce formulaire.<br \/><br \/><strong>Email :<\/strong> <a href=\"mailto:physioemotion@outlook.com\">physioemotion@outlook.com<\/a><\/p>\t\t\t\t\t\t\t\t<\/div>\n\t\t\t\t<\/div>\n\t\t\t\t<div class=\"elementor-element elementor-element-8d02464 elementor-widget elementor-widget-wpforms\" data-id=\"8d02464\" data-element_type=\"widget\" data-widget_type=\"wpforms.default\">\n\t\t\t\t<div class=\"elementor-widget-container\">\n\t\t\t\t\t<div class=\"wpforms-container wpforms-container-full\" id=\"wpforms-8484\"><form id=\"wpforms-form-8484\" class=\"wpforms-validate wpforms-form wpforms-ajax-form\" data-formid=\"8484\" method=\"post\" enctype=\"multipart\/form-data\" action=\"\/fr\/wp-json\/wp\/v2\/pages\/7135\" data-token=\"2c841556c8267167b17e135ef3b7c998\" data-trp-original-action=\"\/fr\/wp-json\/wp\/v2\/pages\/7135\"><noscript class=\"wpforms-error-noscript\">Veuillez activer JavaScript dans votre navigateur pour remplir ce formulaire.<\/noscript><div class=\"wpforms-field-container\"><div id=\"wpforms-8484-field_1-container\" class=\"wpforms-field wpforms-field-text\" data-field-id=\"1\"><label class=\"wpforms-field-label\" for=\"wpforms-8484-field_1\">Votre pr\u00e9nom et nom de famille <span class=\"wpforms-required-label\">*<\/span><\/label><input type=\"text\" id=\"wpforms-8484-field_1\" class=\"wpforms-field-large wpforms-field-required\" name=\"wpforms[fields][1]\" required><\/div><div id=\"wpforms-8484-field_2-container\" class=\"wpforms-field wpforms-field-email\" data-field-id=\"2\"><label class=\"wpforms-field-label\" for=\"wpforms-8484-field_2\">Email <span class=\"wpforms-required-label\">*<\/span><\/label><input type=\"email\" id=\"wpforms-8484-field_2\" class=\"wpforms-field-large wpforms-field-required\" name=\"wpforms[fields][2]\" required><\/div><div id=\"wpforms-8484-field_3-container\" class=\"wpforms-field wpforms-field-phone\" data-field-id=\"3\"><label class=\"wpforms-field-label\" for=\"wpforms-8484-field_3\">T\u00e9l\u00e9phone<\/label><input type=\"tel\" id=\"wpforms-8484-field_3\" class=\"wpforms-field-large\" data-rule-int-phone-field=\"true\" name=\"wpforms[fields][3]\" ><\/div><div id=\"wpforms-8484-field_4-container\" class=\"wpforms-field wpforms-field-text\" data-field-id=\"4\"><label class=\"wpforms-field-label\" for=\"wpforms-8484-field_4\">Sujet de votre message<\/label><input type=\"text\" id=\"wpforms-8484-field_4\" class=\"wpforms-field-large\" name=\"wpforms[fields][4]\" ><\/div><div id=\"wpforms-8484-field_5-container\" class=\"wpforms-field wpforms-field-textarea\" data-field-id=\"5\"><label class=\"wpforms-field-label\" for=\"wpforms-8484-field_5\">Votre message<\/label><textarea id=\"wpforms-8484-field_5\" class=\"wpforms-field-large\" name=\"wpforms[fields][5]\" ><\/textarea><\/div><\/div><div class=\"wpforms-submit-container\"><input type=\"hidden\" name=\"wpforms[id]\" value=\"8484\"><input type=\"hidden\" name=\"wpforms[author]\" value=\"1\"><button type=\"submit\" name=\"wpforms[submit]\" id=\"wpforms-submit-8484\" class=\"wpforms-submit\" data-alt-text=\"En cours d&#039;envoi...\" data-submit-text=\"Envoyer\" aria-live=\"assertive\" value=\"wpforms-submit\">Envoyer<\/button><img decoding=\"async\" src=\"https:\/\/www.physioemotion.ca\/wp-content\/plugins\/wpforms\/assets\/images\/submit-spin.svg\" class=\"wpforms-submit-spinner\" style=\"display: none;\" width=\"26\" height=\"26\" alt=\"\"><\/div><input type=\"hidden\" name=\"trp-form-language\" value=\"fr\"\/><\/form><\/div>  <!-- .wpforms-container -->\t\t\t\t<\/div>\n\t\t\t\t<\/div>\n\t\t\t\t<\/div>\n\t\t<div class=\"elementor-element elementor-element-e92f7ab e-con-full e-flex e-con e-child\" data-id=\"e92f7ab\" data-element_type=\"container\">\n\t\t\t\t<div class=\"elementor-element elementor-element-9746257 elementor-widget elementor-widget-text-editor\" data-id=\"9746257\" data-element_type=\"widget\" data-widget_type=\"text-editor.default\">\n\t\t\t\t<div class=\"elementor-widget-container\">\n\t\t\t\t\t\t\t\t\t<h2>ADRESSE<\/h2>\n1450 rue H\u00e9bert Drummondville, J2C 0C7. Terrasses de la Fonderie.\n\n&nbsp;\n<iframe src=\"https:\/\/www.google.com\/maps\/embed?pb=!1m18!1m12!1m3!1d2777.291809971154!2d-72.49924562370292!3d45.88547657108394!2m3!1f0!2f0!3f0!3m2!1i1024!2i768!4f13.1!3m3!1m2!1s0x4cc811637a6265eb%3A0x9d8ed61127fd6ab7!2s1450%20Rue%20H%C3%A9bert%2C%20Drummondville%2C%20QC%20J2C%200C7!5e0!3m2!1sen!2sca!4v1755705833255!5m2!1sen!2sca\" width=\"600\" height=\"400\" style=\"border:0;\" allowfullscreen=\"\" loading=\"lazy\" referrerpolicy=\"no-referrer-when-downgrade\"><\/iframe>\t\t\t\t\t\t\t\t<\/div>\n\t\t\t\t<\/div>\n\t\t\t\t<\/div>\n\t\t\t\t\t<\/div>\n\t\t\t\t<\/div>\n\t\t<div class=\"elementor-element elementor-element-1c1de30 e-flex e-con-boxed e-con e-parent\" data-id=\"1c1de30\" data-element_type=\"container\">\n\t\t\t\t\t<div class=\"e-con-inner\">\n\t\t\t\t\t<\/div>\n\t\t\t\t<\/div>\n\t\t\t\t<\/div>","protected":false},"excerpt":{"rendered":"<p>Pour nous joindre Vous avez des questions concernant nos services ? Vous avez besoin de parler \u00e0 un conseiller ? Nous sommes l\u00e0 pour vous r\u00e9pondre et vous servir alors appelez-nous d\u00e8s maintenant au (819) 943-4865 ou \u00e9crivez-nous via ce formulaire. Email : physioemotion@outlook.com ADRESSE 1450 rue H\u00e9bert Drummondville, J2C 0C7. Terrasses de la Fonderie. [&hellip;]<\/p>","protected":false},"author":1,"featured_media":0,"parent":0,"menu_order":0,"comment_status":"closed","ping_status":"closed","template":"","meta":{"footnotes":""},"class_list":["post-7135","page","type-page","status-publish","hentry"],"_links":{"self":[{"href":"https:\/\/www.physioemotion.ca\/fr\/wp-json\/wp\/v2\/pages\/7135","targetHints":{"allow":["GET"]}}],"collection":[{"href":"https:\/\/www.physioemotion.ca\/fr\/wp-json\/wp\/v2\/pages"}],"about":[{"href":"https:\/\/www.physioemotion.ca\/fr\/wp-json\/wp\/v2\/types\/page"}],"author":[{"embeddable":true,"href":"https:\/\/www.physioemotion.ca\/fr\/wp-json\/wp\/v2\/users\/1"}],"replies":[{"embeddable":true,"href":"https:\/\/www.physioemotion.ca\/fr\/wp-json\/wp\/v2\/comments?post=7135"}],"version-history":[{"count":39,"href":"https:\/\/www.physioemotion.ca\/fr\/wp-json\/wp\/v2\/pages\/7135\/revisions"}],"predecessor-version":[{"id":9140,"href":"https:\/\/www.physioemotion.ca\/fr\/wp-json\/wp\/v2\/pages\/7135\/revisions\/9140"}],"wp:attachment":[{"href":"https:\/\/www.physioemotion.ca\/fr\/wp-json\/wp\/v2\/media?parent=7135"}],"curies":[{"name":"wp","href":"https:\/\/api.w.org\/{rel}","templated":true}]}}