{"id":7974,"date":"2018-07-13T04:28:31","date_gmt":"2018-07-13T04:28:31","guid":{"rendered":"https:\/\/pascalcaillens.com\/physio\/?page_id=7974"},"modified":"2025-11-04T22:34:12","modified_gmt":"2025-11-05T03:34:12","slug":"a-propos","status":"publish","type":"page","link":"https:\/\/www.physioemotion.ca\/fr\/a-propos\/","title":{"rendered":"\u00c0 propos"},"content":{"rendered":"<div data-elementor-type=\"wp-page\" data-elementor-id=\"7974\" class=\"elementor elementor-7974\" data-elementor-post-type=\"page\">\n\t\t\t\t<div class=\"elementor-element elementor-element-87cefc0 e-flex e-con-boxed e-con e-parent\" data-id=\"87cefc0\" data-element_type=\"container\">\n\t\t\t\t\t<div class=\"e-con-inner\">\n\t\t<div class=\"elementor-element elementor-element-4603372 e-con-full e-flex e-con e-child\" data-id=\"4603372\" data-element_type=\"container\">\n\t\t\t\t<\/div>\n\t\t<div class=\"elementor-element elementor-element-c8b9f36 e-con-full e-flex e-con e-child\" data-id=\"c8b9f36\" data-element_type=\"container\">\n\t\t\t\t<div class=\"elementor-element elementor-element-0ed484c elementor-widget elementor-widget-heading\" data-id=\"0ed484c\" data-element_type=\"widget\" data-widget_type=\"heading.default\">\n\t\t\t\t<div class=\"elementor-widget-container\">\n\t\t\t\t\t<h2 class=\"elementor-heading-title elementor-size-default\">\u00c0 PROPOS DE <br>PHYSIO E-MOTION<\/h2>\t\t\t\t<\/div>\n\t\t\t\t<\/div>\n\t\t\t\t<div class=\"elementor-element elementor-element-d9bf431 elementor-widget elementor-widget-image\" data-id=\"d9bf431\" data-element_type=\"widget\" data-widget_type=\"image.default\">\n\t\t\t\t<div class=\"elementor-widget-container\">\n\t\t\t\t\t\t\t\t\t\t\t\t\t\t\t<img fetchpriority=\"high\" decoding=\"async\" width=\"509\" height=\"201\" src=\"https:\/\/www.physioemotion.ca\/wp-content\/uploads\/2025\/08\/logo.png\" class=\"attachment-full size-full wp-image-9065\" alt=\"\" srcset=\"https:\/\/www.physioemotion.ca\/wp-content\/uploads\/2025\/08\/logo.png 509w, https:\/\/www.physioemotion.ca\/wp-content\/uploads\/2025\/08\/logo-300x118.png 300w, https:\/\/www.physioemotion.ca\/wp-content\/uploads\/2025\/08\/logo-18x7.png 18w\" sizes=\"(max-width: 509px) 100vw, 509px\" \/>\t\t\t\t\t\t\t\t\t\t\t\t\t\t\t<\/div>\n\t\t\t\t<\/div>\n\t\t\t\t<div class=\"elementor-element elementor-element-0f7268a elementor-widget elementor-widget-text-editor\" data-id=\"0f7268a\" data-element_type=\"widget\" data-widget_type=\"text-editor.default\">\n\t\t\t\t<div class=\"elementor-widget-container\">\n\t\t\t\t\t\t\t\t\t<p>Le hibou a \u00e9t\u00e9 choisi minutieusement pour diverses raisons pour ainsi repr\u00e9senter la vision et la mission de Physio E-Motion.<\/p>\t\t\t\t\t\t\t\t<\/div>\n\t\t\t\t<\/div>\n\t\t\t\t<\/div>\n\t\t<div class=\"elementor-element elementor-element-fabce42 e-con-full e-flex e-con e-child\" data-id=\"fabce42\" data-element_type=\"container\">\n\t\t\t\t<\/div>\n\t\t\t\t\t<\/div>\n\t\t\t\t<\/div>\n\t\t<div class=\"elementor-element elementor-element-14d4048 e-flex e-con-boxed e-con e-parent\" data-id=\"14d4048\" data-element_type=\"container\">\n\t\t\t\t\t<div class=\"e-con-inner\">\n\t\t<div class=\"elementor-element elementor-element-c7810f5 e-con-full e-flex e-con e-child\" data-id=\"c7810f5\" data-element_type=\"container\">\n\t\t\t\t<div class=\"elementor-element elementor-element-cab1216 elementor-widget elementor-widget-image\" data-id=\"cab1216\" data-element_type=\"widget\" data-widget_type=\"image.default\">\n\t\t\t\t<div class=\"elementor-widget-container\">\n\t\t\t\t\t\t\t\t\t\t\t\t\t\t\t<img decoding=\"async\" width=\"300\" height=\"118\" src=\"https:\/\/www.physioemotion.ca\/wp-content\/uploads\/2025\/08\/logo-300x118.png\" class=\"attachment-medium size-medium wp-image-9065\" alt=\"\" srcset=\"https:\/\/www.physioemotion.ca\/wp-content\/uploads\/2025\/08\/logo-300x118.png 300w, https:\/\/www.physioemotion.ca\/wp-content\/uploads\/2025\/08\/logo-18x7.png 18w, https:\/\/www.physioemotion.ca\/wp-content\/uploads\/2025\/08\/logo.png 509w\" sizes=\"(max-width: 300px) 100vw, 300px\" \/>\t\t\t\t\t\t\t\t\t\t\t\t\t\t\t<\/div>\n\t\t\t\t<\/div>\n\t\t\t\t<\/div>\n\t\t<div class=\"elementor-element elementor-element-eec5133 e-con-full e-flex e-con e-child\" data-id=\"eec5133\" data-element_type=\"container\">\n\t\t\t\t<div class=\"elementor-element elementor-element-ae732ef elementor-widget elementor-widget-image\" data-id=\"ae732ef\" data-element_type=\"widget\" data-widget_type=\"image.default\">\n\t\t\t\t<div class=\"elementor-widget-container\">\n\t\t\t\t\t\t\t\t\t\t\t\t\t\t\t<img decoding=\"async\" width=\"300\" height=\"118\" src=\"https:\/\/www.physioemotion.ca\/wp-content\/uploads\/2025\/08\/logo-300x118.png\" class=\"attachment-medium size-medium wp-image-9065\" alt=\"\" srcset=\"https:\/\/www.physioemotion.ca\/wp-content\/uploads\/2025\/08\/logo-300x118.png 300w, https:\/\/www.physioemotion.ca\/wp-content\/uploads\/2025\/08\/logo-18x7.png 18w, https:\/\/www.physioemotion.ca\/wp-content\/uploads\/2025\/08\/logo.png 509w\" sizes=\"(max-width: 300px) 100vw, 300px\" \/>\t\t\t\t\t\t\t\t\t\t\t\t\t\t\t<\/div>\n\t\t\t\t<\/div>\n\t\t\t\t<\/div>\n\t\t<div class=\"elementor-element elementor-element-d5a6fa1 e-con-full e-flex e-con e-child\" data-id=\"d5a6fa1\" data-element_type=\"container\">\n\t\t\t\t<div class=\"elementor-element elementor-element-51d6026 elementor-widget elementor-widget-image\" data-id=\"51d6026\" data-element_type=\"widget\" data-widget_type=\"image.default\">\n\t\t\t\t<div class=\"elementor-widget-container\">\n\t\t\t\t\t\t\t\t\t\t\t\t\t\t\t<img decoding=\"async\" width=\"300\" height=\"118\" src=\"https:\/\/www.physioemotion.ca\/wp-content\/uploads\/2025\/08\/logo-300x118.png\" class=\"attachment-medium size-medium wp-image-9065\" alt=\"\" srcset=\"https:\/\/www.physioemotion.ca\/wp-content\/uploads\/2025\/08\/logo-300x118.png 300w, https:\/\/www.physioemotion.ca\/wp-content\/uploads\/2025\/08\/logo-18x7.png 18w, https:\/\/www.physioemotion.ca\/wp-content\/uploads\/2025\/08\/logo.png 509w\" sizes=\"(max-width: 300px) 100vw, 300px\" \/>\t\t\t\t\t\t\t\t\t\t\t\t\t\t\t<\/div>\n\t\t\t\t<\/div>\n\t\t\t\t<\/div>\n\t\t<div class=\"elementor-element elementor-element-cb38975 e-con-full e-flex e-con e-child\" data-id=\"cb38975\" data-element_type=\"container\">\n\t\t\t\t<div class=\"elementor-element elementor-element-ccc751e elementor-widget elementor-widget-text-editor\" data-id=\"ccc751e\" data-element_type=\"widget\" data-widget_type=\"text-editor.default\">\n\t\t\t\t<div class=\"elementor-widget-container\">\n\t\t\t\t\t\t\t\t\t<h3>Libert\u00e9<\/h3>\t\t\t\t\t\t\t\t<\/div>\n\t\t\t\t<\/div>\n\t\t\t\t<\/div>\n\t\t<div class=\"elementor-element elementor-element-5fb0513 e-con-full e-flex e-con e-child\" data-id=\"5fb0513\" data-element_type=\"container\">\n\t\t\t\t<div class=\"elementor-element elementor-element-08f3d66 elementor-widget elementor-widget-text-editor\" data-id=\"08f3d66\" data-element_type=\"widget\" data-widget_type=\"text-editor.default\">\n\t\t\t\t<div class=\"elementor-widget-container\">\n\t\t\t\t\t\t\t\t\t<h3>Observation<\/h3>\t\t\t\t\t\t\t\t<\/div>\n\t\t\t\t<\/div>\n\t\t\t\t<\/div>\n\t\t<div class=\"elementor-element elementor-element-62db314 e-con-full e-flex e-con e-child\" data-id=\"62db314\" data-element_type=\"container\">\n\t\t\t\t<div class=\"elementor-element elementor-element-95e921a elementor-widget elementor-widget-text-editor\" data-id=\"95e921a\" data-element_type=\"widget\" data-widget_type=\"text-editor.default\">\n\t\t\t\t<div class=\"elementor-widget-container\">\n\t\t\t\t\t\t\t\t\t<h3>Curiosit\u00e9, connaissance et sagesse<\/h3>\t\t\t\t\t\t\t\t<\/div>\n\t\t\t\t<\/div>\n\t\t\t\t<\/div>\n\t\t\t\t\t<\/div>\n\t\t\t\t<\/div>\n\t\t<div class=\"elementor-element elementor-element-bcff67d e-flex e-con-boxed e-con e-parent\" data-id=\"bcff67d\" data-element_type=\"container\">\n\t\t\t\t\t<div class=\"e-con-inner\">\n\t\t<div class=\"elementor-element elementor-element-ef6da9d e-con-full e-flex e-con e-child\" data-id=\"ef6da9d\" data-element_type=\"container\">\n\t\t\t\t<\/div>\n\t\t<div class=\"elementor-element elementor-element-255c9ba e-con-full e-flex e-con e-child\" data-id=\"255c9ba\" data-element_type=\"container\">\n\t\t\t\t<div class=\"elementor-element elementor-element-552d729 elementor-widget elementor-widget-text-editor\" data-id=\"552d729\" data-element_type=\"widget\" data-widget_type=\"text-editor.default\">\n\t\t\t\t<div class=\"elementor-widget-container\">\n\t\t\t\t\t\t\t\t\t<p>Nous avons effectivement la mission de vous faire retrouver la libert\u00e9 de mouvement par nos interventions, conseils et exercices. Nous misons sur notre sens de l&#8217;observation ainsi qu&#8217;\u00e0 vous apprendre \u00e0 vous observer pour corriger des postures et respecter les limites de votre corps.<\/p><p>Finalement, nous consid\u00e9rons avoir les connaissances et la sagesse de bien vous outiller et sommes humbles (et curieux) d&#8217;aller chercher de nouvelles comp\u00e9tences en continu pour toujours vous offrir le mieux!\u00a0<\/p>\t\t\t\t\t\t\t\t<\/div>\n\t\t\t\t<\/div>\n\t\t\t\t<\/div>\n\t\t<div class=\"elementor-element elementor-element-4330863 e-con-full e-flex e-con e-child\" data-id=\"4330863\" data-element_type=\"container\">\n\t\t\t\t<\/div>\n\t\t\t\t\t<\/div>\n\t\t\t\t<\/div>\n\t\t<div class=\"elementor-element elementor-element-f47d74c e-flex e-con-boxed e-con e-parent\" data-id=\"f47d74c\" data-element_type=\"container\">\n\t\t\t\t\t<div class=\"e-con-inner\">\n\t\t<div class=\"elementor-element elementor-element-1410ce7 e-con-full e-flex e-con e-child\" data-id=\"1410ce7\" data-element_type=\"container\">\n\t\t\t\t<div class=\"elementor-element elementor-element-7747c3a elementor-widget elementor-widget-image\" data-id=\"7747c3a\" data-element_type=\"widget\" data-widget_type=\"image.default\">\n\t\t\t\t<div class=\"elementor-widget-container\">\n\t\t\t\t\t\t\t\t\t\t\t\t\t\t\t<img decoding=\"async\" width=\"640\" height=\"360\" src=\"https:\/\/www.physioemotion.ca\/wp-content\/uploads\/2024\/10\/physio-emotion-05-1024x576.jpg\" class=\"attachment-large size-large wp-image-8692\" alt=\"\" srcset=\"https:\/\/www.physioemotion.ca\/wp-content\/uploads\/2024\/10\/physio-emotion-05-1024x576.jpg 1024w, https:\/\/www.physioemotion.ca\/wp-content\/uploads\/2024\/10\/physio-emotion-05-300x169.jpg 300w, https:\/\/www.physioemotion.ca\/wp-content\/uploads\/2024\/10\/physio-emotion-05-768x432.jpg 768w, https:\/\/www.physioemotion.ca\/wp-content\/uploads\/2024\/10\/physio-emotion-05-1536x864.jpg 1536w, https:\/\/www.physioemotion.ca\/wp-content\/uploads\/2024\/10\/physio-emotion-05-18x10.jpg 18w, https:\/\/www.physioemotion.ca\/wp-content\/uploads\/2024\/10\/physio-emotion-05-600x338.jpg 600w, https:\/\/www.physioemotion.ca\/wp-content\/uploads\/2024\/10\/physio-emotion-05.jpg 2048w\" sizes=\"(max-width: 640px) 100vw, 640px\" \/>\t\t\t\t\t\t\t\t\t\t\t\t\t\t\t<\/div>\n\t\t\t\t<\/div>\n\t\t\t\t<\/div>\n\t\t<div class=\"elementor-element elementor-element-82e1614 e-con-full e-flex e-con e-child\" data-id=\"82e1614\" data-element_type=\"container\">\n\t\t\t\t<div class=\"elementor-element elementor-element-02845d5 elementor-widget elementor-widget-text-editor\" data-id=\"02845d5\" data-element_type=\"widget\" data-widget_type=\"text-editor.default\">\n\t\t\t\t<div class=\"elementor-widget-container\">\n\t\t\t\t\t\t\t\t\t<p><strong>Physio E-Motion<\/strong> doit son nom \u00e0 sa fondatrice, qui avait \u00e0 coeur la prise en charge de chacun de ses patients. Elle voulait faire de la physioth\u00e9rapie avec \u2018\u2019<strong>\u00c9MOTION<\/strong>\u2019\u2019.<\/p><p>Nous accordons \u00e9galement beaucoup d&#8217;importance sur l&#8217;approche active du patient, soit par le mouvement (\u2018\u2019<strong>MOTION<\/strong>\u2019\u2019) et favorisons une auto-responsabilisation dans sa r\u00e9adaptation.<\/p><p>Avec une exp\u00e9rience dans le domaine depuis maintenant 12 ans en clinique priv\u00e9e en Estrie, elle est maintenant \u00e9tablie \u00e0 Drummondville et aux alentours. Cette entreprise tient \u00e0 offrir \u00e0 sa client\u00e8le des interventions humaines, de qualit\u00e9s et ax\u00e9es sur les besoins r\u00e9els du patient.<\/p>\t\t\t\t\t\t\t\t<\/div>\n\t\t\t\t<\/div>\n\t\t\t\t<\/div>\n\t\t\t\t\t<\/div>\n\t\t\t\t<\/div>\n\t\t<div class=\"elementor-element elementor-element-5517664 e-flex e-con-boxed e-con e-parent\" data-id=\"5517664\" data-element_type=\"container\">\n\t\t\t\t\t<div class=\"e-con-inner\">\n\t\t<div class=\"elementor-element elementor-element-16a21b1 e-con-full e-flex e-con e-child\" data-id=\"16a21b1\" data-element_type=\"container\">\n\t\t\t\t<div class=\"elementor-element elementor-element-86323e9 elementor-widget elementor-widget-heading\" data-id=\"86323e9\" data-element_type=\"widget\" data-widget_type=\"heading.default\">\n\t\t\t\t<div class=\"elementor-widget-container\">\n\t\t\t\t\t<h2 class=\"elementor-heading-title elementor-size-default\">KAREN BEAULIEU, M.PHT \nPhysioth\u00e9rapeute fondatrice<\/h2>\t\t\t\t<\/div>\n\t\t\t\t<\/div>\n\t\t\t\t<div class=\"elementor-element elementor-element-8be3d1d elementor-widget elementor-widget-text-editor\" data-id=\"8be3d1d\" data-element_type=\"widget\" data-widget_type=\"text-editor.default\">\n\t\t\t\t<div class=\"elementor-widget-container\">\n\t\t\t\t\t\t\t\t\t<p>Physioth\u00e9rapeute depuis 12 ans, cette professionnelle de la sant\u00e9 est une passionn\u00e9e de la sant\u00e9 globale, du corps humain et surtout de l\u2019humain derri\u00e8re chaque blessure.<\/p><p>Gradu\u00e9e de l\u2019Universit\u00e9 de Sherbrooke en 2013, avec plusieurs formations suppl\u00e9mentaires post-gradu\u00e9es, elle traite la plupart des blessures musculosquelettiques g\u00e9n\u00e9rales: de l\u2019entorse \u00e0 la cheville, \u00e0 l\u2019entorse lombaire, aux maux de cou, maux de t\u00eate, \u00e9picondylite au coude, et plus encore. Elle s\u2019est \u00e9galement sp\u00e9cialis\u00e9e en vertiges\/\u00e9tourdissements (r\u00e9\u00e9ducation vestibulaire) ainsi qu\u2019en r\u00e9adaptation de la m\u00e2choire (ATM).<\/p><p>Elle saura vous accompagner \u00e0 chacune de vos blessures, pourra, par ailleurs, vous aider \u00e0 en pr\u00e9venir d\u2019autres, corriger votre posture ou vous guider dans une remise en forme g\u00e9n\u00e9ral le tout align\u00e9 avec <strong>VOS objectifs<\/strong> et <strong>VOTRE histoire<\/strong>.<\/p><p>Par des techniques de th\u00e9rapie manuelle, rel\u00e2chement musculaire et exercices sp\u00e9cialis\u00e9e et saura vous remettre sur pied!<\/p>\t\t\t\t\t\t\t\t<\/div>\n\t\t\t\t<\/div>\n\t\t\t\t<\/div>\n\t\t<div class=\"elementor-element elementor-element-41c9e6e e-con-full e-flex e-con e-child\" data-id=\"41c9e6e\" data-element_type=\"container\">\n\t\t\t\t<div class=\"elementor-element elementor-element-e1a4a54 elementor-widget elementor-widget-image\" data-id=\"e1a4a54\" data-element_type=\"widget\" data-widget_type=\"image.default\">\n\t\t\t\t<div class=\"elementor-widget-container\">\n\t\t\t\t\t\t\t\t\t\t\t\t\t\t\t<img loading=\"lazy\" decoding=\"async\" width=\"640\" height=\"506\" src=\"https:\/\/www.physioemotion.ca\/wp-content\/uploads\/2025\/03\/20201020_194701-1024x810.jpg\" class=\"attachment-large size-large wp-image-9024\" alt=\"\" srcset=\"https:\/\/www.physioemotion.ca\/wp-content\/uploads\/2025\/03\/20201020_194701-1024x810.jpg 1024w, https:\/\/www.physioemotion.ca\/wp-content\/uploads\/2025\/03\/20201020_194701-300x237.jpg 300w, https:\/\/www.physioemotion.ca\/wp-content\/uploads\/2025\/03\/20201020_194701-768x608.jpg 768w, https:\/\/www.physioemotion.ca\/wp-content\/uploads\/2025\/03\/20201020_194701-1536x1215.jpg 1536w, https:\/\/www.physioemotion.ca\/wp-content\/uploads\/2025\/03\/20201020_194701-15x12.jpg 15w, https:\/\/www.physioemotion.ca\/wp-content\/uploads\/2025\/03\/20201020_194701-600x475.jpg 600w, https:\/\/www.physioemotion.ca\/wp-content\/uploads\/2025\/03\/20201020_194701.jpg 1771w\" sizes=\"(max-width: 640px) 100vw, 640px\" \/>\t\t\t\t\t\t\t\t\t\t\t\t\t\t\t<\/div>\n\t\t\t\t<\/div>\n\t\t\t\t<\/div>\n\t\t\t\t\t<\/div>\n\t\t\t\t<\/div>\n\t\t\t\t<\/div>","protected":false},"excerpt":{"rendered":"<p>\u00c0 PROPOS DE PHYSIO E-MOTION Le hibou a \u00e9t\u00e9 choisi minutieusement pour diverses raisons pour ainsi repr\u00e9senter la vision et la mission de Physio E-Motion. Libert\u00e9 Observation Curiosit\u00e9, connaissance et sagesse Nous avons effectivement la mission de vous faire retrouver la libert\u00e9 de mouvement par nos interventions, conseils et exercices. Nous misons sur notre sens [&hellip;]<\/p>","protected":false},"author":1,"featured_media":0,"parent":0,"menu_order":0,"comment_status":"closed","ping_status":"closed","template":"","meta":{"footnotes":""},"class_list":["post-7974","page","type-page","status-publish","hentry"],"_links":{"self":[{"href":"https:\/\/www.physioemotion.ca\/fr\/wp-json\/wp\/v2\/pages\/7974","targetHints":{"allow":["GET"]}}],"collection":[{"href":"https:\/\/www.physioemotion.ca\/fr\/wp-json\/wp\/v2\/pages"}],"about":[{"href":"https:\/\/www.physioemotion.ca\/fr\/wp-json\/wp\/v2\/types\/page"}],"author":[{"embeddable":true,"href":"https:\/\/www.physioemotion.ca\/fr\/wp-json\/wp\/v2\/users\/1"}],"replies":[{"embeddable":true,"href":"https:\/\/www.physioemotion.ca\/fr\/wp-json\/wp\/v2\/comments?post=7974"}],"version-history":[{"count":63,"href":"https:\/\/www.physioemotion.ca\/fr\/wp-json\/wp\/v2\/pages\/7974\/revisions"}],"predecessor-version":[{"id":9187,"href":"https:\/\/www.physioemotion.ca\/fr\/wp-json\/wp\/v2\/pages\/7974\/revisions\/9187"}],"wp:attachment":[{"href":"https:\/\/www.physioemotion.ca\/fr\/wp-json\/wp\/v2\/media?parent=7974"}],"curies":[{"name":"wp","href":"https:\/\/api.w.org\/{rel}","templated":true}]}}