{"id":8575,"date":"2024-10-18T12:06:39","date_gmt":"2024-10-18T16:06:39","guid":{"rendered":"https:\/\/pascalcaillens.com\/physio\/?page_id=8575"},"modified":"2025-11-08T12:23:42","modified_gmt":"2025-11-08T17:23:42","slug":"accueil","status":"publish","type":"page","link":"https:\/\/www.physioemotion.ca\/fr\/","title":{"rendered":"Accueil"},"content":{"rendered":"<div data-elementor-type=\"wp-page\" data-elementor-id=\"8575\" class=\"elementor elementor-8575\" data-elementor-post-type=\"page\">\n\t\t\t\t<div class=\"elementor-element elementor-element-171a88a e-flex e-con-boxed e-con e-parent\" data-id=\"171a88a\" data-element_type=\"container\">\n\t\t\t\t\t<div class=\"e-con-inner\">\n\t\t\t\t<div class=\"elementor-element elementor-element-1c7339d elementor-widget elementor-widget-heading\" data-id=\"1c7339d\" data-element_type=\"widget\" data-widget_type=\"heading.default\">\n\t\t\t\t<div class=\"elementor-widget-container\">\n\t\t\t\t\t<h2 class=\"elementor-heading-title elementor-size-default\">Bienvenue sur le site web officiel de Physio E-Motion!<\/h2>\t\t\t\t<\/div>\n\t\t\t\t<\/div>\n\t\t\t\t\t<\/div>\n\t\t\t\t<\/div>\n\t\t<div class=\"elementor-element elementor-element-8b11257 e-flex e-con-boxed e-con e-parent\" data-id=\"8b11257\" data-element_type=\"container\">\n\t\t\t\t\t<div class=\"e-con-inner\">\n\t\t<div class=\"elementor-element elementor-element-5c036d8 e-con-full e-flex e-con e-child\" data-id=\"5c036d8\" data-element_type=\"container\">\n\t\t\t\t<div class=\"elementor-element elementor-element-08e5bd5 elementor-widget elementor-widget-text-editor\" data-id=\"08e5bd5\" data-element_type=\"widget\" data-widget_type=\"text-editor.default\">\n\t\t\t\t<div class=\"elementor-widget-container\">\n\t\t\t\t\t\t\t\t\t<p>Un endroit o\u00f9 se croisent connaissances, comp\u00e9tences et zones de r\u00e9flexions sur la r\u00e9adaptation physique et la sant\u00e9 globale. Sous la forme de blogs principalement et \u00e9ventuellement sous forme de vid\u00e9os, plusieurs informations et outils seront d\u00e9pos\u00e9s ici pour mieux vous informer et vous aider. Un acc\u00e8s \u00e0 un service de physioth\u00e9rapie virtuel 24h\/24 (ou presque)!<\/p><p>Ceci, sera une zone pour poser vos questions, pour retrouver une description plus en d\u00e9tails de tous nos services et ainsi que nos exp\u00e9riences professionnelles.<\/p><p>Il est \u00e9galement possible de prendre rendez-vous directement avec notre lien Go Rendez-vous et \u00e9ventuellement consulter notre boutique physio pour des accessoires pour vous aider dans vos exercices ou pour soulage vos douleurs.\u00a0<\/p>\t\t\t\t\t\t\t\t<\/div>\n\t\t\t\t<\/div>\n\t\t\t\t<\/div>\n\t\t<div class=\"elementor-element elementor-element-0b3c5f3 e-con-full e-flex e-con e-child\" data-id=\"0b3c5f3\" data-element_type=\"container\">\n\t\t\t\t<div class=\"elementor-element elementor-element-eae14ae e-transform elementor-widget elementor-widget-image\" data-id=\"eae14ae\" data-element_type=\"widget\" data-settings=\"{&quot;_transform_rotateZ_effect&quot;:{&quot;unit&quot;:&quot;px&quot;,&quot;size&quot;:0,&quot;sizes&quot;:[]},&quot;_transform_rotateZ_effect_tablet&quot;:{&quot;unit&quot;:&quot;deg&quot;,&quot;size&quot;:&quot;&quot;,&quot;sizes&quot;:[]},&quot;_transform_rotateZ_effect_mobile&quot;:{&quot;unit&quot;:&quot;deg&quot;,&quot;size&quot;:&quot;&quot;,&quot;sizes&quot;:[]}}\" data-widget_type=\"image.default\">\n\t\t\t\t<div class=\"elementor-widget-container\">\n\t\t\t\t\t\t\t\t\t\t\t\t\t\t\t<img fetchpriority=\"high\" decoding=\"async\" width=\"640\" height=\"426\" src=\"https:\/\/www.physioemotion.ca\/wp-content\/uploads\/2024\/10\/physio-emotion-09-1024x682.jpeg\" class=\"attachment-large size-large wp-image-8696\" alt=\"\" srcset=\"https:\/\/www.physioemotion.ca\/wp-content\/uploads\/2024\/10\/physio-emotion-09-1024x682.jpeg 1024w, https:\/\/www.physioemotion.ca\/wp-content\/uploads\/2024\/10\/physio-emotion-09-300x200.jpeg 300w, https:\/\/www.physioemotion.ca\/wp-content\/uploads\/2024\/10\/physio-emotion-09-768x512.jpeg 768w, https:\/\/www.physioemotion.ca\/wp-content\/uploads\/2024\/10\/physio-emotion-09-1536x1023.jpeg 1536w, https:\/\/www.physioemotion.ca\/wp-content\/uploads\/2024\/10\/physio-emotion-09-18x12.jpeg 18w, https:\/\/www.physioemotion.ca\/wp-content\/uploads\/2024\/10\/physio-emotion-09-600x400.jpeg 600w, https:\/\/www.physioemotion.ca\/wp-content\/uploads\/2024\/10\/physio-emotion-09.jpeg 1600w\" sizes=\"(max-width: 640px) 100vw, 640px\" \/>\t\t\t\t\t\t\t\t\t\t\t\t\t\t\t<\/div>\n\t\t\t\t<\/div>\n\t\t\t\t<\/div>\n\t\t\t\t\t<\/div>\n\t\t\t\t<\/div>\n\t\t<div class=\"elementor-element elementor-element-3d4af44 e-flex e-con-boxed e-con e-parent\" data-id=\"3d4af44\" data-element_type=\"container\">\n\t\t\t\t\t<div class=\"e-con-inner\">\n\t\t<div class=\"elementor-element elementor-element-a1c9c68 e-con-full e-flex e-con e-child\" data-id=\"a1c9c68\" data-element_type=\"container\">\n\t\t\t\t<div class=\"elementor-element elementor-element-f1810f3 e-transform elementor-widget elementor-widget-image\" data-id=\"f1810f3\" data-element_type=\"widget\" data-settings=\"{&quot;_transform_rotateZ_effect&quot;:{&quot;unit&quot;:&quot;px&quot;,&quot;size&quot;:0,&quot;sizes&quot;:[]},&quot;_transform_rotateZ_effect_tablet&quot;:{&quot;unit&quot;:&quot;deg&quot;,&quot;size&quot;:&quot;&quot;,&quot;sizes&quot;:[]},&quot;_transform_rotateZ_effect_mobile&quot;:{&quot;unit&quot;:&quot;deg&quot;,&quot;size&quot;:&quot;&quot;,&quot;sizes&quot;:[]}}\" data-widget_type=\"image.default\">\n\t\t\t\t<div class=\"elementor-widget-container\">\n\t\t\t\t\t\t\t\t\t\t\t\t\t\t\t<img decoding=\"async\" width=\"509\" height=\"201\" src=\"https:\/\/www.physioemotion.ca\/wp-content\/uploads\/2025\/08\/logo.png\" class=\"attachment-large size-large wp-image-9065\" alt=\"\" srcset=\"https:\/\/www.physioemotion.ca\/wp-content\/uploads\/2025\/08\/logo.png 509w, https:\/\/www.physioemotion.ca\/wp-content\/uploads\/2025\/08\/logo-300x118.png 300w, https:\/\/www.physioemotion.ca\/wp-content\/uploads\/2025\/08\/logo-18x7.png 18w\" sizes=\"(max-width: 509px) 100vw, 509px\" \/>\t\t\t\t\t\t\t\t\t\t\t\t\t\t\t<\/div>\n\t\t\t\t<\/div>\n\t\t\t\t<\/div>\n\t\t<div class=\"elementor-element elementor-element-a032c36 e-con-full e-flex e-con e-child\" data-id=\"a032c36\" data-element_type=\"container\">\n\t\t\t\t<div class=\"elementor-element elementor-element-7f5f53b elementor-widget elementor-widget-text-editor\" data-id=\"7f5f53b\" data-element_type=\"widget\" data-widget_type=\"text-editor.default\">\n\t\t\t\t<div class=\"elementor-widget-container\">\n\t\t\t\t\t\t\t\t\t<center><h3>\u00c0 PROPOS&#8230;<\/h3><\/center>\n<strong>Physio E-Motion<\/strong> doit son nom \u00e0 sa fondatrice, qui avait \u00e0 coeur la prise en charge de chacun de ses patients. Elle voulait faire de la physioth\u00e9rapie avec \u2018\u2019<strong>\u00c9MOTION<\/strong>\u2019\u2019.\n\nNous accordons \u00e9galement beaucoup d&#8217;importance sur l&#8217;approche active du patient, soit par le mouvement (\u2018\u2019<strong>MOTION<\/strong>\u2019\u2019) et favorisons une auto-responsabilisation dans sa r\u00e9adaptation.\t\t\t\t\t\t\t\t<\/div>\n\t\t\t\t<\/div>\n\t\t\t\t<div class=\"elementor-element elementor-element-21ace12 elementor-widget elementor-widget-button\" data-id=\"21ace12\" data-element_type=\"widget\" data-widget_type=\"button.default\">\n\t\t\t\t<div class=\"elementor-widget-container\">\n\t\t\t\t\t\t\t\t\t<div class=\"elementor-button-wrapper\">\n\t\t\t\t\t<a class=\"elementor-button elementor-button-link elementor-size-sm\" href=\"https:\/\/www.physioemotion.ca\/fr\/a-propos\/\">\n\t\t\t\t\t\t<span class=\"elementor-button-content-wrapper\">\n\t\t\t\t\t\t\t\t\t<span class=\"elementor-button-text\">EN SAVOIR PLUS<\/span>\n\t\t\t\t\t<\/span>\n\t\t\t\t\t<\/a>\n\t\t\t\t<\/div>\n\t\t\t\t\t\t\t\t<\/div>\n\t\t\t\t<\/div>\n\t\t\t\t<\/div>\n\t\t\t\t\t<\/div>\n\t\t\t\t<\/div>\n\t\t<div class=\"elementor-element elementor-element-8d106c1 e-flex e-con-boxed e-con e-parent\" data-id=\"8d106c1\" data-element_type=\"container\">\n\t\t\t\t\t<div class=\"e-con-inner\">\n\t\t\t\t<div class=\"elementor-element elementor-element-a3d83fe elementor-widget elementor-widget-text-editor\" data-id=\"a3d83fe\" data-element_type=\"widget\" data-widget_type=\"text-editor.default\">\n\t\t\t\t<div class=\"elementor-widget-container\">\n\t\t\t\t\t\t\t\t\t<h2>SERVICES OFFERTS<\/h2><p>Chez <strong>Physio E-Motion<\/strong>, nous misons sur une approche de physioth\u00e9rapie principalement active c\u2019est-\u00e0-dire exercices, corrections posturales, \u00e9ducation, auto-gestion de la douleur et corrections de patron de mouvements.<\/p><p>Lors des s\u00e9ances 1:1 nous utilisons principalement de la th\u00e9rapie manuelle soit via la mobilisation articulaire, vert\u00e9brale, techniques de rel\u00e2chement musculaire et du taping.<\/p>\t\t\t\t\t\t\t\t<\/div>\n\t\t\t\t<\/div>\n\t\t\t\t\t<\/div>\n\t\t\t\t<\/div>\n\t\t<div class=\"elementor-element elementor-element-edd6221 e-flex e-con-boxed e-con e-parent\" data-id=\"edd6221\" data-element_type=\"container\">\n\t\t\t\t\t<div class=\"e-con-inner\">\n\t\t\t\t<div class=\"elementor-element elementor-element-f83dce0 elementor-widget elementor-widget-heading\" data-id=\"f83dce0\" data-element_type=\"widget\" data-widget_type=\"heading.default\">\n\t\t\t\t<div class=\"elementor-widget-container\">\n\t\t\t\t\t<h4 class=\"elementor-heading-title elementor-size-default\">SOINS DE PHYSIOTH\u00c9RAPIE POUR...<\/h4>\t\t\t\t<\/div>\n\t\t\t\t<\/div>\n\t\t\t\t\t<\/div>\n\t\t\t\t<\/div>\n\t\t<div class=\"elementor-element elementor-element-b63e87a e-flex e-con-boxed e-con e-parent\" data-id=\"b63e87a\" data-element_type=\"container\">\n\t\t\t\t\t<div class=\"e-con-inner\">\n\t\t<div class=\"elementor-element elementor-element-6fce341 e-con-full e-flex e-con e-child\" data-id=\"6fce341\" data-element_type=\"container\">\n\t\t\t\t<div class=\"elementor-element elementor-element-ff13897 elementor-flip-box--3d elementor-flip-box--effect-flip elementor-flip-box--direction-up elementor-widget elementor-widget-flip-box\" data-id=\"ff13897\" data-element_type=\"widget\" data-widget_type=\"flip-box.default\">\n\t\t\t\t<div class=\"elementor-widget-container\">\n\t\t\t\t\t\t\t<div class=\"elementor-flip-box\" tabindex=\"0\">\n\t\t\t<div class=\"elementor-flip-box__layer elementor-flip-box__front\">\n\t\t\t\t<div class=\"elementor-flip-box__layer__overlay\">\n\t\t\t\t\t<div class=\"elementor-flip-box__layer__inner\">\n\t\t\t\t\t\t\n\t\t\t\t\t\t\t\t\t\t\t\t\t<h3 class=\"elementor-flip-box__layer__title\">\n\t\t\t\t\t\t\t\tR\u00e9\u00e9ducation <br>temporo-mandibulaire (M\u00e2choire)\t\t\t\t\t\t\t<\/h3>\n\t\t\t\t\t\t\n\t\t\t\t\t\t\t\t\t\t\t<\/div>\n\t\t\t\t<\/div>\n\t\t\t<\/div>\n\t\t\t<div class=\"elementor-flip-box__layer elementor-flip-box__back\">\n\t\t\t<div class=\"elementor-flip-box__layer__overlay\">\n\t\t\t\t<div class=\"elementor-flip-box__layer__inner\">\n\t\t\t\t\t\n\t\t\t\t\t\t\t\t\t\t\t<div class=\"elementor-flip-box__layer__description\">\n\t\t\t\t\t\t\tCraquement m\u00e2choire, Bruxisme (serrement), Douleur m\u00e2choire, Restriction de mouvement (blocage), Douleurs faciales, Maux de t\u00eate, Acouph\u00e8nes\n\t\t\t\t\t\t<\/div>\n\t\t\t\t\t\n\t\t\t\t\t\t\t\t\t\t\t<a class=\"elementor-flip-box__button elementor-button elementor-size-sm\" href=\"https:\/\/www.physioemotion.ca\/fr\/reeducation-temporo-mandibulaire-atm-machoire\/\">\n\t\t\t\t\t\t\tEN SAVOIR PLUS\t\t\t\t\t\t<\/a>\n\t\t\t\t\t\t\t\t<\/div>\n\t\t<\/div>\n\t\t<\/div>\n\t\t<\/div>\n\t\t\t\t\t\t<\/div>\n\t\t\t\t<\/div>\n\t\t\t\t<\/div>\n\t\t<div class=\"elementor-element elementor-element-7fc0259 e-con-full e-flex e-con e-child\" data-id=\"7fc0259\" data-element_type=\"container\">\n\t\t\t\t<div class=\"elementor-element elementor-element-bf56a09 elementor-flip-box--3d elementor-flip-box--effect-flip elementor-flip-box--direction-up elementor-widget elementor-widget-flip-box\" data-id=\"bf56a09\" data-element_type=\"widget\" data-widget_type=\"flip-box.default\">\n\t\t\t\t<div class=\"elementor-widget-container\">\n\t\t\t\t\t\t\t<div class=\"elementor-flip-box\" tabindex=\"0\">\n\t\t\t<div class=\"elementor-flip-box__layer elementor-flip-box__front\">\n\t\t\t\t<div class=\"elementor-flip-box__layer__overlay\">\n\t\t\t\t\t<div class=\"elementor-flip-box__layer__inner\">\n\t\t\t\t\t\t\n\t\t\t\t\t\t\t\t\t\t\t\t\t<h3 class=\"elementor-flip-box__layer__title\">\n\t\t\t\t\t\t\t\tBlessures musculoquelettiques\t\t\t\t\t\t\t<\/h3>\n\t\t\t\t\t\t\n\t\t\t\t\t\t\t\t\t\t\t<\/div>\n\t\t\t\t<\/div>\n\t\t\t<\/div>\n\t\t\t<div class=\"elementor-flip-box__layer elementor-flip-box__back\">\n\t\t\t<div class=\"elementor-flip-box__layer__overlay\">\n\t\t\t\t<div class=\"elementor-flip-box__layer__inner\">\n\t\t\t\t\t\n\t\t\t\t\t\t\t\t\t\t\t<div class=\"elementor-flip-box__layer__description\">\n\t\t\t\t\t\t\tBlessure au sport, Douleur posturale, Maux de t\u00eate (c\u00e9phal\u00e9es), Fracture, Tendinite\/ tendinopathie, Entorse, Capsulite, Claquage musculaire, Arthrose, Hernie discale, Traumatisme cr\u00e2nien (TCC)\n\t\t\t\t\t\t<\/div>\n\t\t\t\t\t\n\t\t\t\t\t\t\t\t\t\t\t<a class=\"elementor-flip-box__button elementor-button elementor-size-sm\" href=\"https:\/\/www.physioemotion.ca\/fr\/blessures-musculosquelettiques-sportives-ou-non\/\">\n\t\t\t\t\t\t\tEN SAVOIR PLUS\t\t\t\t\t\t<\/a>\n\t\t\t\t\t\t\t\t<\/div>\n\t\t<\/div>\n\t\t<\/div>\n\t\t<\/div>\n\t\t\t\t\t\t<\/div>\n\t\t\t\t<\/div>\n\t\t\t\t<\/div>\n\t\t\t\t\t<\/div>\n\t\t\t\t<\/div>\n\t\t<div class=\"elementor-element elementor-element-bae91f4 e-flex e-con-boxed e-con e-parent\" data-id=\"bae91f4\" data-element_type=\"container\">\n\t\t\t\t\t<div class=\"e-con-inner\">\n\t\t<div class=\"elementor-element elementor-element-ae35337 e-con-full e-flex e-con e-child\" data-id=\"ae35337\" data-element_type=\"container\">\n\t\t\t\t<div class=\"elementor-element elementor-element-9968133 elementor-flip-box--3d elementor-flip-box--effect-flip elementor-flip-box--direction-up elementor-widget elementor-widget-flip-box\" data-id=\"9968133\" data-element_type=\"widget\" data-widget_type=\"flip-box.default\">\n\t\t\t\t<div class=\"elementor-widget-container\">\n\t\t\t\t\t\t\t<div class=\"elementor-flip-box\" tabindex=\"0\">\n\t\t\t<div class=\"elementor-flip-box__layer elementor-flip-box__front\">\n\t\t\t\t<div class=\"elementor-flip-box__layer__overlay\">\n\t\t\t\t\t<div class=\"elementor-flip-box__layer__inner\">\n\t\t\t\t\t\t\n\t\t\t\t\t\t\t\t\t\t\t\t\t<h3 class=\"elementor-flip-box__layer__title\">\n\t\t\t\t\t\t\t\tCNESST \/ SAAQ\/ IVAC\t\t\t\t\t\t\t<\/h3>\n\t\t\t\t\t\t\n\t\t\t\t\t\t\t\t\t\t\t<\/div>\n\t\t\t\t<\/div>\n\t\t\t<\/div>\n\t\t\t<div class=\"elementor-flip-box__layer elementor-flip-box__back\">\n\t\t\t<div class=\"elementor-flip-box__layer__overlay\">\n\t\t\t\t<div class=\"elementor-flip-box__layer__inner\">\n\t\t\t\t\t\n\t\t\t\t\t\t\t\t\t\t\t<div class=\"elementor-flip-box__layer__description\">\n\t\t\t\t\t\t\tBlessure suite \u00e0 un accident de travail, Blessure suite \u00e0 un accident de la route (voiture, VTT, etc), Indemnisation des victimes d\u2019actes criminels (IVAC)\n\t\t\t\t\t\t<\/div>\n\t\t\t\t\t\n\t\t\t\t\t\t\t\t\t\t\t<a class=\"elementor-flip-box__button elementor-button elementor-size-sm\" href=\"https:\/\/www.physioemotion.ca\/fr\/cnesst-saaq-ivac\/\">\n\t\t\t\t\t\t\tEN SAVOIR PLUS\t\t\t\t\t\t<\/a>\n\t\t\t\t\t\t\t\t<\/div>\n\t\t<\/div>\n\t\t<\/div>\n\t\t<\/div>\n\t\t\t\t\t\t<\/div>\n\t\t\t\t<\/div>\n\t\t\t\t<\/div>\n\t\t<div class=\"elementor-element elementor-element-a673f59 e-con-full e-flex e-con e-child\" data-id=\"a673f59\" data-element_type=\"container\">\n\t\t\t\t<div class=\"elementor-element elementor-element-683efbe elementor-flip-box--3d elementor-flip-box--effect-flip elementor-flip-box--direction-up elementor-widget elementor-widget-flip-box\" data-id=\"683efbe\" data-element_type=\"widget\" data-widget_type=\"flip-box.default\">\n\t\t\t\t<div class=\"elementor-widget-container\">\n\t\t\t\t\t\t\t<div class=\"elementor-flip-box\" tabindex=\"0\">\n\t\t\t<div class=\"elementor-flip-box__layer elementor-flip-box__front\">\n\t\t\t\t<div class=\"elementor-flip-box__layer__overlay\">\n\t\t\t\t\t<div class=\"elementor-flip-box__layer__inner\">\n\t\t\t\t\t\t\n\t\t\t\t\t\t\t\t\t\t\t\t\t<h3 class=\"elementor-flip-box__layer__title\">\n\t\t\t\t\t\t\t\tR\u00e9\u00e9ducation vestibulaire\t\t\t\t\t\t\t<\/h3>\n\t\t\t\t\t\t\n\t\t\t\t\t\t\t\t\t\t\t<\/div>\n\t\t\t\t<\/div>\n\t\t\t<\/div>\n\t\t\t<div class=\"elementor-flip-box__layer elementor-flip-box__back\">\n\t\t\t<div class=\"elementor-flip-box__layer__overlay\">\n\t\t\t\t<div class=\"elementor-flip-box__layer__inner\">\n\t\t\t\t\t\n\t\t\t\t\t\t\t\t\t\t\t<div class=\"elementor-flip-box__layer__description\">\n\t\t\t\t\t\t\t\u00c9tourdissements, Vertiges, Commotion c\u00e9r\u00e9brale (TCC)\n\t\t\t\t\t\t<\/div>\n\t\t\t\t\t\n\t\t\t\t\t\t\t\t\t\t\t<a class=\"elementor-flip-box__button elementor-button elementor-size-sm\" href=\"https:\/\/www.physioemotion.ca\/fr\/reeducation-vestibulaire-etourdissements-vertiges\/\">\n\t\t\t\t\t\t\tEN SAVOIR PLUS\t\t\t\t\t\t<\/a>\n\t\t\t\t\t\t\t\t<\/div>\n\t\t<\/div>\n\t\t<\/div>\n\t\t<\/div>\n\t\t\t\t\t\t<\/div>\n\t\t\t\t<\/div>\n\t\t\t\t<\/div>\n\t\t\t\t\t<\/div>\n\t\t\t\t<\/div>\n\t\t<div class=\"elementor-element elementor-element-e224d69 e-flex e-con-boxed e-con e-parent\" data-id=\"e224d69\" data-element_type=\"container\">\n\t\t\t\t\t<div class=\"e-con-inner\">\n\t\t\t\t<div class=\"elementor-element elementor-element-d241d01 elementor-widget elementor-widget-button\" data-id=\"d241d01\" data-element_type=\"widget\" data-widget_type=\"button.default\">\n\t\t\t\t<div class=\"elementor-widget-container\">\n\t\t\t\t\t\t\t\t\t<div class=\"elementor-button-wrapper\">\n\t\t\t\t\t<a class=\"elementor-button elementor-button-link elementor-size-sm\" href=\"https:\/\/www.physioemotion.ca\/fr\/nos-services\/\">\n\t\t\t\t\t\t<span class=\"elementor-button-content-wrapper\">\n\t\t\t\t\t\t\t\t\t<span class=\"elementor-button-text\">VOIR TOUS NOS SERVICES<\/span>\n\t\t\t\t\t<\/span>\n\t\t\t\t\t<\/a>\n\t\t\t\t<\/div>\n\t\t\t\t\t\t\t\t<\/div>\n\t\t\t\t<\/div>\n\t\t\t\t\t<\/div>\n\t\t\t\t<\/div>\n\t\t\t\t<\/div>","protected":false},"excerpt":{"rendered":"<p>Bienvenue sur le site web officiel de Physio E-Motion! Un endroit o\u00f9 se croisent connaissances, comp\u00e9tences et zones de r\u00e9flexions sur la r\u00e9adaptation physique et la sant\u00e9 globale. Sous la forme de blogs principalement et \u00e9ventuellement sous forme de vid\u00e9os, plusieurs informations et outils seront d\u00e9pos\u00e9s ici pour mieux vous informer et vous aider. Un [&hellip;]<\/p>","protected":false},"author":1,"featured_media":0,"parent":0,"menu_order":0,"comment_status":"closed","ping_status":"closed","template":"","meta":{"footnotes":""},"class_list":["post-8575","page","type-page","status-publish","hentry"],"_links":{"self":[{"href":"https:\/\/www.physioemotion.ca\/fr\/wp-json\/wp\/v2\/pages\/8575","targetHints":{"allow":["GET"]}}],"collection":[{"href":"https:\/\/www.physioemotion.ca\/fr\/wp-json\/wp\/v2\/pages"}],"about":[{"href":"https:\/\/www.physioemotion.ca\/fr\/wp-json\/wp\/v2\/types\/page"}],"author":[{"embeddable":true,"href":"https:\/\/www.physioemotion.ca\/fr\/wp-json\/wp\/v2\/users\/1"}],"replies":[{"embeddable":true,"href":"https:\/\/www.physioemotion.ca\/fr\/wp-json\/wp\/v2\/comments?post=8575"}],"version-history":[{"count":94,"href":"https:\/\/www.physioemotion.ca\/fr\/wp-json\/wp\/v2\/pages\/8575\/revisions"}],"predecessor-version":[{"id":9197,"href":"https:\/\/www.physioemotion.ca\/fr\/wp-json\/wp\/v2\/pages\/8575\/revisions\/9197"}],"wp:attachment":[{"href":"https:\/\/www.physioemotion.ca\/fr\/wp-json\/wp\/v2\/media?parent=8575"}],"curies":[{"name":"wp","href":"https:\/\/api.w.org\/{rel}","templated":true}]}}