{"id":8869,"date":"2024-10-28T11:41:41","date_gmt":"2024-10-28T15:41:41","guid":{"rendered":"https:\/\/pascalcaillens.com\/physio\/?page_id=8869"},"modified":"2025-11-04T22:35:36","modified_gmt":"2025-11-05T03:35:36","slug":"mission-valeurs","status":"publish","type":"page","link":"https:\/\/www.physioemotion.ca\/fr\/mission-valeurs\/","title":{"rendered":"Mission &#038; Valeurs"},"content":{"rendered":"<div data-elementor-type=\"wp-page\" data-elementor-id=\"8869\" class=\"elementor elementor-8869\" data-elementor-post-type=\"page\">\n\t\t\t\t<div class=\"elementor-element elementor-element-b3b25ad e-flex e-con-boxed e-con e-parent\" data-id=\"b3b25ad\" data-element_type=\"container\">\n\t\t\t\t\t<div class=\"e-con-inner\">\n\t\t\t\t<div class=\"elementor-element elementor-element-0ed484c elementor-widget elementor-widget-heading\" data-id=\"0ed484c\" data-element_type=\"widget\" data-widget_type=\"heading.default\">\n\t\t\t\t<div class=\"elementor-widget-container\">\n\t\t\t\t\t<h2 class=\"elementor-heading-title elementor-size-default\">NOTRE MISSION<\/h2>\t\t\t\t<\/div>\n\t\t\t\t<\/div>\n\t\t\t\t<div class=\"elementor-element elementor-element-0f7268a elementor-widget elementor-widget-text-editor\" data-id=\"0f7268a\" data-element_type=\"widget\" data-widget_type=\"text-editor.default\">\n\t\t\t\t<div class=\"elementor-widget-container\">\n\t\t\t\t\t\t\t\t\t<p><strong>Notre mission<\/strong> est de fournir des soins de physioth\u00e9rapie centr\u00e9s sur l&#8217;humain, en alliant expertise professionnelle, \u00e9coute attentive et respect des besoins individuels de chaque patient. Nous nous engageons \u00e0 favoriser un environnement de confiance et de bienveillance, o\u00f9 chaque personne se sent valoris\u00e9e et soutenue dans son parcours de gu\u00e9rison.<\/p><p>Nous croyons fermement que la qualit\u00e9 des soins repose sur des comp\u00e9tences solides et une formation continue. Ainsi, notre \u00e9quipe de physioth\u00e9rapeutes s&#8217;engage \u00e0 d\u00e9velopper constamment ses connaissances et ses pratiques.<\/p><p>Nous nous effor\u00e7ons d&#8217;accompagner nos patients non seulement dans leur r\u00e9adaptation physique, mais aussi dans leur \u00e9panouissement personnel, en les aidant \u00e0 retrouver une qualit\u00e9 de vie optimale. Par une approche personnalis\u00e9e, nous visons \u00e0 inspirer la confiance et \u00e0 encourager l\u2019autonomie, tout en restant \u00e0 l&#8217;\u00e9coute des besoins \u00e9volutifs de chacun.<\/p><p>Ensemble, misons sur la sant\u00e9, l\u2019\u00e9volution et le bien-\u00eatre \u00e0 chaque \u00e9tape du parcours de soins \u00e0 l\u2019int\u00e9rieur de la clinique, mais \u00e9galement avec tous nos partenaires externes.<\/p>\t\t\t\t\t\t\t\t<\/div>\n\t\t\t\t<\/div>\n\t\t\t\t\t<\/div>\n\t\t\t\t<\/div>\n\t\t<div class=\"elementor-element elementor-element-0936596 e-flex e-con-boxed e-con e-parent\" data-id=\"0936596\" data-element_type=\"container\">\n\t\t\t\t\t<div class=\"e-con-inner\">\n\t\t\t\t<div class=\"elementor-element elementor-element-86323e9 elementor-widget elementor-widget-heading\" data-id=\"86323e9\" data-element_type=\"widget\" data-widget_type=\"heading.default\">\n\t\t\t\t<div class=\"elementor-widget-container\">\n\t\t\t\t\t<h2 class=\"elementor-heading-title elementor-size-default\">VALEURS<\/h2>\t\t\t\t<\/div>\n\t\t\t\t<\/div>\n\t\t\t\t\t<\/div>\n\t\t\t\t<\/div>\n\t\t<div class=\"elementor-element elementor-element-506994b e-flex e-con-boxed e-con e-parent\" data-id=\"506994b\" data-element_type=\"container\">\n\t\t\t\t\t<div class=\"e-con-inner\">\n\t\t<div class=\"elementor-element elementor-element-54d28ec e-con-full e-flex e-con e-child\" data-id=\"54d28ec\" data-element_type=\"container\">\n\t\t\t\t<div class=\"elementor-element elementor-element-5149cbd elementor-widget elementor-widget-text-editor\" data-id=\"5149cbd\" data-element_type=\"widget\" data-widget_type=\"text-editor.default\">\n\t\t\t\t<div class=\"elementor-widget-container\">\n\t\t\t\t\t\t\t\t\t<p><img decoding=\"async\" class=\"alignnone wp-image-8867\" src=\"https:\/\/www.physioemotion.ca\/wp-content\/uploads\/2024\/10\/icone-securite-298x300.jpg\" alt=\"\" width=\"148\" height=\"149\" srcset=\"https:\/\/www.physioemotion.ca\/wp-content\/uploads\/2024\/10\/icone-securite-298x300.jpg 298w, https:\/\/www.physioemotion.ca\/wp-content\/uploads\/2024\/10\/icone-securite-150x150.jpg 150w, https:\/\/www.physioemotion.ca\/wp-content\/uploads\/2024\/10\/icone-securite-12x12.jpg 12w, https:\/\/www.physioemotion.ca\/wp-content\/uploads\/2024\/10\/icone-securite-300x300.jpg 300w, https:\/\/www.physioemotion.ca\/wp-content\/uploads\/2024\/10\/icone-securite-600x604.jpg 600w, https:\/\/www.physioemotion.ca\/wp-content\/uploads\/2024\/10\/icone-securite-100x100.jpg 100w, https:\/\/www.physioemotion.ca\/wp-content\/uploads\/2024\/10\/icone-securite.jpg 720w\" sizes=\"(max-width: 148px) 100vw, 148px\" \/><\/p><p><a href=\"#\"><strong>S\u00e9curit\u00e9<\/strong><\/a><br \/>Il est important pour nous de cr\u00e9er un espace s\u00e9curitaire pour vous dans votre prise en charge, mais aussi cr\u00e9er un contexte favorable dans la gu\u00e9rison de vos blessures.<\/p>\t\t\t\t\t\t\t\t<\/div>\n\t\t\t\t<\/div>\n\t\t\t\t<\/div>\n\t\t<div class=\"elementor-element elementor-element-6aca488 e-con-full e-flex e-con e-child\" data-id=\"6aca488\" data-element_type=\"container\">\n\t\t\t\t<div class=\"elementor-element elementor-element-e2a6ba7 elementor-widget elementor-widget-text-editor\" data-id=\"e2a6ba7\" data-element_type=\"widget\" data-widget_type=\"text-editor.default\">\n\t\t\t\t<div class=\"elementor-widget-container\">\n\t\t\t\t\t\t\t\t\t<p><img decoding=\"async\" class=\"alignnone wp-image-8866 size-medium\" src=\"https:\/\/www.physioemotion.ca\/wp-content\/uploads\/2024\/10\/icone-liberte-298x300.jpg\" alt=\"\" width=\"148\" height=\"149\" srcset=\"https:\/\/www.physioemotion.ca\/wp-content\/uploads\/2024\/10\/icone-liberte-298x300.jpg 298w, https:\/\/www.physioemotion.ca\/wp-content\/uploads\/2024\/10\/icone-liberte-150x150.jpg 150w, https:\/\/www.physioemotion.ca\/wp-content\/uploads\/2024\/10\/icone-liberte-12x12.jpg 12w, https:\/\/www.physioemotion.ca\/wp-content\/uploads\/2024\/10\/icone-liberte-300x300.jpg 300w, https:\/\/www.physioemotion.ca\/wp-content\/uploads\/2024\/10\/icone-liberte-600x604.jpg 600w, https:\/\/www.physioemotion.ca\/wp-content\/uploads\/2024\/10\/icone-liberte-100x100.jpg 100w, https:\/\/www.physioemotion.ca\/wp-content\/uploads\/2024\/10\/icone-liberte.jpg 720w\" sizes=\"(max-width: 148px) 100vw, 148px\" \/><\/p><p><a href=\"#\"><strong>Libert\u00e9<\/strong><\/a><br \/>La libert\u00e9 de mouvement est au coeur de notre mission.<\/p>\t\t\t\t\t\t\t\t<\/div>\n\t\t\t\t<\/div>\n\t\t\t\t<\/div>\n\t\t<div class=\"elementor-element elementor-element-7e06ece e-con-full e-flex e-con e-child\" data-id=\"7e06ece\" data-element_type=\"container\">\n\t\t\t\t<div class=\"elementor-element elementor-element-178264e elementor-widget elementor-widget-text-editor\" data-id=\"178264e\" data-element_type=\"widget\" data-widget_type=\"text-editor.default\">\n\t\t\t\t<div class=\"elementor-widget-container\">\n\t\t\t\t\t\t\t\t\t<p><img decoding=\"async\" class=\"alignnone wp-image-8868 size-medium\" src=\"https:\/\/www.physioemotion.ca\/wp-content\/uploads\/2024\/10\/icone-authenticite-ok-298x300.jpg\" alt=\"\" width=\"148\" height=\"149\" srcset=\"https:\/\/www.physioemotion.ca\/wp-content\/uploads\/2024\/10\/icone-authenticite-ok-298x300.jpg 298w, https:\/\/www.physioemotion.ca\/wp-content\/uploads\/2024\/10\/icone-authenticite-ok-150x150.jpg 150w, https:\/\/www.physioemotion.ca\/wp-content\/uploads\/2024\/10\/icone-authenticite-ok-12x12.jpg 12w, https:\/\/www.physioemotion.ca\/wp-content\/uploads\/2024\/10\/icone-authenticite-ok-300x300.jpg 300w, https:\/\/www.physioemotion.ca\/wp-content\/uploads\/2024\/10\/icone-authenticite-ok-600x604.jpg 600w, https:\/\/www.physioemotion.ca\/wp-content\/uploads\/2024\/10\/icone-authenticite-ok-100x100.jpg 100w, https:\/\/www.physioemotion.ca\/wp-content\/uploads\/2024\/10\/icone-authenticite-ok.jpg 720w\" sizes=\"(max-width: 148px) 100vw, 148px\" \/><\/p><p><a href=\"#\"><strong>Authenticit\u00e9<\/strong><\/a><br \/>Nous misons sur l\u2019authenticit\u00e9 dans nos interventions et nos \u00e9changes avec chacun de nos patients.<\/p>\t\t\t\t\t\t\t\t<\/div>\n\t\t\t\t<\/div>\n\t\t\t\t<\/div>\n\t\t<div class=\"elementor-element elementor-element-d024509 e-con-full e-flex e-con e-child\" data-id=\"d024509\" data-element_type=\"container\">\n\t\t\t\t<div class=\"elementor-element elementor-element-895ffb0 elementor-widget elementor-widget-text-editor\" data-id=\"895ffb0\" data-element_type=\"widget\" data-widget_type=\"text-editor.default\">\n\t\t\t\t<div class=\"elementor-widget-container\">\n\t\t\t\t\t\t\t\t\t<p><img loading=\"lazy\" decoding=\"async\" class=\"alignnone wp-image-8864 size-medium\" src=\"https:\/\/www.physioemotion.ca\/wp-content\/uploads\/2024\/10\/icone-competences-298x300.jpg\" alt=\"\" width=\"148\" height=\"149\" srcset=\"https:\/\/www.physioemotion.ca\/wp-content\/uploads\/2024\/10\/icone-competences-298x300.jpg 298w, https:\/\/www.physioemotion.ca\/wp-content\/uploads\/2024\/10\/icone-competences-150x150.jpg 150w, https:\/\/www.physioemotion.ca\/wp-content\/uploads\/2024\/10\/icone-competences-12x12.jpg 12w, https:\/\/www.physioemotion.ca\/wp-content\/uploads\/2024\/10\/icone-competences-300x300.jpg 300w, https:\/\/www.physioemotion.ca\/wp-content\/uploads\/2024\/10\/icone-competences-600x604.jpg 600w, https:\/\/www.physioemotion.ca\/wp-content\/uploads\/2024\/10\/icone-competences-100x100.jpg 100w, https:\/\/www.physioemotion.ca\/wp-content\/uploads\/2024\/10\/icone-competences.jpg 720w\" sizes=\"(max-width: 148px) 100vw, 148px\" \/><\/p><p><a href=\"#\"><strong>Comp\u00e9tences et connaissances<\/strong><\/a><br \/>Faire des interventions scientifiquement prouv\u00e9es et adapt\u00e9es sont primordiales. C\u2019est d\u2019une importance capitale de demeurer \u00e0 l\u2019aff\u00fbt des nouvelles connaissances dans notre domaine et bien au-del\u00e0.<\/p>\t\t\t\t\t\t\t\t<\/div>\n\t\t\t\t<\/div>\n\t\t\t\t<\/div>\n\t\t<div class=\"elementor-element elementor-element-445445d e-con-full e-flex e-con e-child\" data-id=\"445445d\" data-element_type=\"container\">\n\t\t\t\t<div class=\"elementor-element elementor-element-3a6c4fc elementor-widget elementor-widget-text-editor\" data-id=\"3a6c4fc\" data-element_type=\"widget\" data-widget_type=\"text-editor.default\">\n\t\t\t\t<div class=\"elementor-widget-container\">\n\t\t\t\t\t\t\t\t\t<p><img loading=\"lazy\" decoding=\"async\" class=\"alignnone wp-image-8865 size-medium\" src=\"https:\/\/www.physioemotion.ca\/wp-content\/uploads\/2024\/10\/icone-croissance-298x300.jpg\" alt=\"\" width=\"148\" height=\"149\" srcset=\"https:\/\/www.physioemotion.ca\/wp-content\/uploads\/2024\/10\/icone-croissance-298x300.jpg 298w, https:\/\/www.physioemotion.ca\/wp-content\/uploads\/2024\/10\/icone-croissance-150x150.jpg 150w, https:\/\/www.physioemotion.ca\/wp-content\/uploads\/2024\/10\/icone-croissance-12x12.jpg 12w, https:\/\/www.physioemotion.ca\/wp-content\/uploads\/2024\/10\/icone-croissance-300x300.jpg 300w, https:\/\/www.physioemotion.ca\/wp-content\/uploads\/2024\/10\/icone-croissance-600x604.jpg 600w, https:\/\/www.physioemotion.ca\/wp-content\/uploads\/2024\/10\/icone-croissance-100x100.jpg 100w, https:\/\/www.physioemotion.ca\/wp-content\/uploads\/2024\/10\/icone-croissance.jpg 720w\" sizes=\"(max-width: 148px) 100vw, 148px\" \/><\/p><p><a href=\"#\"><strong>Croissance et ouverture<\/strong><\/a><br \/>Nous croyons qu\u2019il est non n\u00e9gociable de grandir tant professionnellement que personnellement dans notre profession. La stagnation est la r\u00e9gression. Nous avons la certitude que de prendre en consid\u00e9ration la croissance de notre profession et celle de nos patients, est essentiel pour l\u2019ajustement de nos interventions. L\u2019ouverture \u00e0 la collaboration avec d\u2019autres professionnels de la sant\u00e9 est n\u00e9cessaire au bien-\u00eatre et prise en charge du patient dans sa globalit\u00e9. En tant que th\u00e9rapeute en r\u00e9adaptation physique, la capacit\u00e9 d\u2019adaptation est indispensable.<\/p>\t\t\t\t\t\t\t\t<\/div>\n\t\t\t\t<\/div>\n\t\t\t\t<\/div>\n\t\t<div class=\"elementor-element elementor-element-9c68bbd e-con-full e-flex e-con e-child\" data-id=\"9c68bbd\" data-element_type=\"container\">\n\t\t\t\t<\/div>\n\t\t\t\t\t<\/div>\n\t\t\t\t<\/div>\n\t\t\t\t<\/div>","protected":false},"excerpt":{"rendered":"<p>NOTRE MISSION Notre mission est de fournir des soins de physioth\u00e9rapie centr\u00e9s sur l&#8217;humain, en alliant expertise professionnelle, \u00e9coute attentive et respect des besoins individuels de chaque patient. Nous nous engageons \u00e0 favoriser un environnement de confiance et de bienveillance, o\u00f9 chaque personne se sent valoris\u00e9e et soutenue dans son parcours de gu\u00e9rison. Nous croyons [&hellip;]<\/p>","protected":false},"author":1,"featured_media":0,"parent":0,"menu_order":0,"comment_status":"closed","ping_status":"closed","template":"","meta":{"footnotes":""},"class_list":["post-8869","page","type-page","status-publish","hentry"],"_links":{"self":[{"href":"https:\/\/www.physioemotion.ca\/fr\/wp-json\/wp\/v2\/pages\/8869","targetHints":{"allow":["GET"]}}],"collection":[{"href":"https:\/\/www.physioemotion.ca\/fr\/wp-json\/wp\/v2\/pages"}],"about":[{"href":"https:\/\/www.physioemotion.ca\/fr\/wp-json\/wp\/v2\/types\/page"}],"author":[{"embeddable":true,"href":"https:\/\/www.physioemotion.ca\/fr\/wp-json\/wp\/v2\/users\/1"}],"replies":[{"embeddable":true,"href":"https:\/\/www.physioemotion.ca\/fr\/wp-json\/wp\/v2\/comments?post=8869"}],"version-history":[{"count":17,"href":"https:\/\/www.physioemotion.ca\/fr\/wp-json\/wp\/v2\/pages\/8869\/revisions"}],"predecessor-version":[{"id":9190,"href":"https:\/\/www.physioemotion.ca\/fr\/wp-json\/wp\/v2\/pages\/8869\/revisions\/9190"}],"wp:attachment":[{"href":"https:\/\/www.physioemotion.ca\/fr\/wp-json\/wp\/v2\/media?parent=8869"}],"curies":[{"name":"wp","href":"https:\/\/api.w.org\/{rel}","templated":true}]}}