{"id":8936,"date":"2024-12-17T18:10:33","date_gmt":"2024-12-17T23:10:33","guid":{"rendered":"https:\/\/pascalcaillens.com\/physio\/?page_id=8936"},"modified":"2024-12-17T18:13:04","modified_gmt":"2024-12-17T23:13:04","slug":"blessures-musculosquelettiques-sportives-ou-non","status":"publish","type":"page","link":"https:\/\/www.physioemotion.ca\/fr\/blessures-musculosquelettiques-sportives-ou-non\/","title":{"rendered":"Blessures musculosquelettiques sportives ou non"},"content":{"rendered":"<div data-elementor-type=\"wp-page\" data-elementor-id=\"8936\" class=\"elementor elementor-8936\" data-elementor-post-type=\"page\">\n\t\t\t\t<div class=\"elementor-element elementor-element-f47d74c e-flex e-con-boxed e-con e-parent\" data-id=\"f47d74c\" data-element_type=\"container\" id=\"blessures\">\n\t\t\t\t\t<div class=\"e-con-inner\">\n\t\t<div class=\"elementor-element elementor-element-1410ce7 e-con-full e-flex e-con e-child\" data-id=\"1410ce7\" data-element_type=\"container\">\n\t\t\t\t<div class=\"elementor-element elementor-element-d9bf431 elementor-widget elementor-widget-image\" data-id=\"d9bf431\" data-element_type=\"widget\" data-widget_type=\"image.default\">\n\t\t\t\t<div class=\"elementor-widget-container\">\n\t\t\t\t\t\t\t\t\t\t\t\t\t\t\t<img fetchpriority=\"high\" decoding=\"async\" width=\"640\" height=\"640\" src=\"https:\/\/www.physioemotion.ca\/wp-content\/uploads\/2024\/10\/physio-emotion-10-1024x1024.png\" class=\"attachment-large size-large wp-image-8697\" alt=\"\" srcset=\"https:\/\/www.physioemotion.ca\/wp-content\/uploads\/2024\/10\/physio-emotion-10-1024x1024.png 1024w, https:\/\/www.physioemotion.ca\/wp-content\/uploads\/2024\/10\/physio-emotion-10-300x300.png 300w, https:\/\/www.physioemotion.ca\/wp-content\/uploads\/2024\/10\/physio-emotion-10-150x150.png 150w, https:\/\/www.physioemotion.ca\/wp-content\/uploads\/2024\/10\/physio-emotion-10-768x768.png 768w, https:\/\/www.physioemotion.ca\/wp-content\/uploads\/2024\/10\/physio-emotion-10-1536x1536.png 1536w, https:\/\/www.physioemotion.ca\/wp-content\/uploads\/2024\/10\/physio-emotion-10-12x12.png 12w, https:\/\/www.physioemotion.ca\/wp-content\/uploads\/2024\/10\/physio-emotion-10-600x600.png 600w, https:\/\/www.physioemotion.ca\/wp-content\/uploads\/2024\/10\/physio-emotion-10-100x100.png 100w, https:\/\/www.physioemotion.ca\/wp-content\/uploads\/2024\/10\/physio-emotion-10.png 1920w\" sizes=\"(max-width: 640px) 100vw, 640px\" \/>\t\t\t\t\t\t\t\t\t\t\t\t\t\t\t<\/div>\n\t\t\t\t<\/div>\n\t\t\t\t<\/div>\n\t\t<div class=\"elementor-element elementor-element-82e1614 e-con-full e-flex e-con e-child\" data-id=\"82e1614\" data-element_type=\"container\">\n\t\t\t\t<div class=\"elementor-element elementor-element-0ed484c elementor-widget elementor-widget-heading\" data-id=\"0ed484c\" data-element_type=\"widget\" data-widget_type=\"heading.default\">\n\t\t\t\t<div class=\"elementor-widget-container\">\n\t\t\t\t\t<h2 class=\"elementor-heading-title elementor-size-default\">Blessures musculosquelettiques sportives ou non<\/h2>\t\t\t\t<\/div>\n\t\t\t\t<\/div>\n\t\t\t\t<div class=\"elementor-element elementor-element-0f7268a elementor-widget elementor-widget-text-editor\" data-id=\"0f7268a\" data-element_type=\"widget\" data-widget_type=\"text-editor.default\">\n\t\t\t\t<div class=\"elementor-widget-container\">\n\t\t\t\t\t\t\t\t\t<p>Que la blessure soit d&#8217;origine sportive ou non, quelle soit suite des mouvements r\u00e9p\u00e9t\u00e9s ou un \u00e9v\u00e8nement soudain tel qu&#8217;une chute ou un impact, notre \u00e9quipe saura d\u00e9terminer au mieux le m\u00e9canisme de blessure pour ainsi favoriser la gu\u00e9rison la plus rapide. Elle saura \u00e0 m\u00eame de vous guider vers les meilleures \u00e9tapes et de vous r\u00e9f\u00e9rer \u00e0 d&#8217;autres professionnels de la sant\u00e9 si n\u00e9cessaire. L&#8217;objectif sera que vous retrouver les capacit\u00e9s pour reprendre le cours normal de votre vie et de rester actif dans les activit\u00e9s qui vous tiennent \u00e0 coeur tout en \u00e9vitant les r\u00e9cidives.<\/p><p>L&#8217;\u00e9valuation initiale nous permettra de mieux cerner l&#8217;impression clinique de la blessure, le niveau d&#8217;irritabilit\u00e9, le pronostic ainsi que l&#8217;\u00e9laboration de votre plan de traitement adapt\u00e9e \u00e0 votre blessure, situation et vos objectifs.<\/p>\t\t\t\t\t\t\t\t<\/div>\n\t\t\t\t<\/div>\n\t\t\t\t<\/div>\n\t\t\t\t\t<\/div>\n\t\t\t\t<\/div>\n\t\t\t\t<\/div>","protected":false},"excerpt":{"rendered":"<p>Blessures musculosquelettiques sportives ou non Que la blessure soit d&#8217;origine sportive ou non, quelle soit suite des mouvements r\u00e9p\u00e9t\u00e9s ou un \u00e9v\u00e8nement soudain tel qu&#8217;une chute ou un impact, notre \u00e9quipe saura d\u00e9terminer au mieux le m\u00e9canisme de blessure pour ainsi favoriser la gu\u00e9rison la plus rapide. Elle saura \u00e0 m\u00eame de vous guider vers [&hellip;]<\/p>","protected":false},"author":1,"featured_media":0,"parent":0,"menu_order":0,"comment_status":"closed","ping_status":"closed","template":"","meta":{"footnotes":""},"class_list":["post-8936","page","type-page","status-publish","hentry"],"_links":{"self":[{"href":"https:\/\/www.physioemotion.ca\/fr\/wp-json\/wp\/v2\/pages\/8936","targetHints":{"allow":["GET"]}}],"collection":[{"href":"https:\/\/www.physioemotion.ca\/fr\/wp-json\/wp\/v2\/pages"}],"about":[{"href":"https:\/\/www.physioemotion.ca\/fr\/wp-json\/wp\/v2\/types\/page"}],"author":[{"embeddable":true,"href":"https:\/\/www.physioemotion.ca\/fr\/wp-json\/wp\/v2\/users\/1"}],"replies":[{"embeddable":true,"href":"https:\/\/www.physioemotion.ca\/fr\/wp-json\/wp\/v2\/comments?post=8936"}],"version-history":[{"count":5,"href":"https:\/\/www.physioemotion.ca\/fr\/wp-json\/wp\/v2\/pages\/8936\/revisions"}],"predecessor-version":[{"id":8952,"href":"https:\/\/www.physioemotion.ca\/fr\/wp-json\/wp\/v2\/pages\/8936\/revisions\/8952"}],"wp:attachment":[{"href":"https:\/\/www.physioemotion.ca\/fr\/wp-json\/wp\/v2\/media?parent=8936"}],"curies":[{"name":"wp","href":"https:\/\/api.w.org\/{rel}","templated":true}]}}