{"id":8937,"date":"2024-12-17T18:11:49","date_gmt":"2024-12-17T23:11:49","guid":{"rendered":"https:\/\/pascalcaillens.com\/physio\/?page_id=8937"},"modified":"2025-09-02T11:17:27","modified_gmt":"2025-09-02T15:17:27","slug":"cnesst-saaq-ivac","status":"publish","type":"page","link":"https:\/\/www.physioemotion.ca\/fr\/cnesst-saaq-ivac\/","title":{"rendered":"CNESST \/ SAAQ \/ IVAC"},"content":{"rendered":"<div data-elementor-type=\"wp-page\" data-elementor-id=\"8937\" class=\"elementor elementor-8937\" data-elementor-post-type=\"page\">\n\t\t\t\t<div class=\"elementor-element elementor-element-5517664 e-flex e-con-boxed e-con e-parent\" data-id=\"5517664\" data-element_type=\"container\" id=\"saaq\">\n\t\t\t\t\t<div class=\"e-con-inner\">\n\t\t<div class=\"elementor-element elementor-element-16a21b1 e-con-full e-flex e-con e-child\" data-id=\"16a21b1\" data-element_type=\"container\">\n\t\t\t\t<div class=\"elementor-element elementor-element-86323e9 elementor-widget elementor-widget-heading\" data-id=\"86323e9\" data-element_type=\"widget\" data-widget_type=\"heading.default\">\n\t\t\t\t<div class=\"elementor-widget-container\">\n\t\t\t\t\t<h2 class=\"elementor-heading-title elementor-size-default\">CNESST \/ SAAQ \/ IVAC<\/h2>\t\t\t\t<\/div>\n\t\t\t\t<\/div>\n\t\t\t\t<div class=\"elementor-element elementor-element-8be3d1d elementor-widget elementor-widget-text-editor\" data-id=\"8be3d1d\" data-element_type=\"widget\" data-widget_type=\"text-editor.default\">\n\t\t\t\t<div class=\"elementor-widget-container\">\n\t\t\t\t\t\t\t\t\t<div>Nous sommes fournisseurs de services de diff\u00e9rents programmes dont la CNESST (Commission des Normes, de l\u2019\u00c9quit\u00e9, de la Sant\u00e9 et S\u00e9curit\u00e9 du Travail), la SAAQ (Soci\u00e9t\u00e9 d\u2019Assurance Automobile du Qu\u00e9bec) et l\u2019IVAC (l\u2019Indemnisation des Victimes d\u2019Actes Criminels).\u00a0<\/div><div>\u00a0<\/div><div>Dans l\u2019un ou l\u2019autre de ces services, nous sommes accr\u00e9dit\u00e9 comme fournisseur de soins en physioth\u00e9rapie.\u00a0<\/div><div>Cela nous donne le droit et l\u2019acc\u00e8s \u00e0 ces services de soins de mani\u00e8re rapide, efficace et pertinent. Nous faisons \u00e9quipe avec vous et faisons le lien avec ces diff\u00e9rents organismes.<\/div><div>\u00a0<\/div><div>Notre r\u00f4le est de vous accompagner dans votre r\u00e9adaptation tout au long de votre processus de gu\u00e9rison mais \u00e9galement de vous soutenir dans les diff\u00e9rentes \u00e9tapes tant au niveau administrative que de r\u00e9adaptation.<\/div><div>\u00a0<\/div><div>Nous misons \u00e9galement sur un support global et sur le travail conjoint avec les diff\u00e9rents th\u00e9rapeutes impliqu\u00e9s pour ainsi faire un continuum de sant\u00e9 complet et efficace.<\/div>\t\t\t\t\t\t\t\t<\/div>\n\t\t\t\t<\/div>\n\t\t\t\t<\/div>\n\t\t<div class=\"elementor-element elementor-element-41c9e6e e-con-full e-flex e-con e-child\" data-id=\"41c9e6e\" data-element_type=\"container\">\n\t\t\t\t<div class=\"elementor-element elementor-element-e1a4a54 elementor-widget elementor-widget-image\" data-id=\"e1a4a54\" data-element_type=\"widget\" data-widget_type=\"image.default\">\n\t\t\t\t<div class=\"elementor-widget-container\">\n\t\t\t\t\t\t\t\t\t\t\t\t\t\t\t<img fetchpriority=\"high\" decoding=\"async\" width=\"640\" height=\"459\" src=\"https:\/\/www.physioemotion.ca\/wp-content\/uploads\/2024\/10\/physio-emotion-04.png\" class=\"attachment-large size-large wp-image-8691\" alt=\"\" srcset=\"https:\/\/www.physioemotion.ca\/wp-content\/uploads\/2024\/10\/physio-emotion-04.png 962w, https:\/\/www.physioemotion.ca\/wp-content\/uploads\/2024\/10\/physio-emotion-04-300x215.png 300w, https:\/\/www.physioemotion.ca\/wp-content\/uploads\/2024\/10\/physio-emotion-04-768x551.png 768w, https:\/\/www.physioemotion.ca\/wp-content\/uploads\/2024\/10\/physio-emotion-04-18x12.png 18w, https:\/\/www.physioemotion.ca\/wp-content\/uploads\/2024\/10\/physio-emotion-04-600x430.png 600w\" sizes=\"(max-width: 640px) 100vw, 640px\" \/>\t\t\t\t\t\t\t\t\t\t\t\t\t\t\t<\/div>\n\t\t\t\t<\/div>\n\t\t\t\t<div class=\"elementor-element elementor-element-590e195 elementor-widget elementor-widget-image\" data-id=\"590e195\" data-element_type=\"widget\" data-widget_type=\"image.default\">\n\t\t\t\t<div class=\"elementor-widget-container\">\n\t\t\t\t\t\t\t\t\t\t\t\t\t\t\t<img decoding=\"async\" width=\"640\" height=\"360\" src=\"https:\/\/www.physioemotion.ca\/wp-content\/uploads\/2024\/10\/physio-emotion-05-1024x576.jpg\" class=\"attachment-large size-large wp-image-8692\" alt=\"\" srcset=\"https:\/\/www.physioemotion.ca\/wp-content\/uploads\/2024\/10\/physio-emotion-05-1024x576.jpg 1024w, https:\/\/www.physioemotion.ca\/wp-content\/uploads\/2024\/10\/physio-emotion-05-300x169.jpg 300w, https:\/\/www.physioemotion.ca\/wp-content\/uploads\/2024\/10\/physio-emotion-05-768x432.jpg 768w, https:\/\/www.physioemotion.ca\/wp-content\/uploads\/2024\/10\/physio-emotion-05-1536x864.jpg 1536w, https:\/\/www.physioemotion.ca\/wp-content\/uploads\/2024\/10\/physio-emotion-05-18x10.jpg 18w, https:\/\/www.physioemotion.ca\/wp-content\/uploads\/2024\/10\/physio-emotion-05-600x338.jpg 600w, https:\/\/www.physioemotion.ca\/wp-content\/uploads\/2024\/10\/physio-emotion-05.jpg 2048w\" sizes=\"(max-width: 640px) 100vw, 640px\" \/>\t\t\t\t\t\t\t\t\t\t\t\t\t\t\t<\/div>\n\t\t\t\t<\/div>\n\t\t\t\t<\/div>\n\t\t\t\t\t<\/div>\n\t\t\t\t<\/div>\n\t\t\t\t<\/div>","protected":false},"excerpt":{"rendered":"<p>CNESST \/ SAAQ \/ IVAC Nous sommes fournisseurs de services de diff\u00e9rents programmes dont la CNESST (Commission des Normes, de l\u2019\u00c9quit\u00e9, de la Sant\u00e9 et S\u00e9curit\u00e9 du Travail), la SAAQ (Soci\u00e9t\u00e9 d\u2019Assurance Automobile du Qu\u00e9bec) et l\u2019IVAC (l\u2019Indemnisation des Victimes d\u2019Actes Criminels).\u00a0\u00a0Dans l\u2019un ou l\u2019autre de ces services, nous sommes accr\u00e9dit\u00e9 comme fournisseur de soins [&hellip;]<\/p>","protected":false},"author":1,"featured_media":0,"parent":0,"menu_order":0,"comment_status":"closed","ping_status":"closed","template":"","meta":{"footnotes":""},"class_list":["post-8937","page","type-page","status-publish","hentry"],"_links":{"self":[{"href":"https:\/\/www.physioemotion.ca\/fr\/wp-json\/wp\/v2\/pages\/8937","targetHints":{"allow":["GET"]}}],"collection":[{"href":"https:\/\/www.physioemotion.ca\/fr\/wp-json\/wp\/v2\/pages"}],"about":[{"href":"https:\/\/www.physioemotion.ca\/fr\/wp-json\/wp\/v2\/types\/page"}],"author":[{"embeddable":true,"href":"https:\/\/www.physioemotion.ca\/fr\/wp-json\/wp\/v2\/users\/1"}],"replies":[{"embeddable":true,"href":"https:\/\/www.physioemotion.ca\/fr\/wp-json\/wp\/v2\/comments?post=8937"}],"version-history":[{"count":11,"href":"https:\/\/www.physioemotion.ca\/fr\/wp-json\/wp\/v2\/pages\/8937\/revisions"}],"predecessor-version":[{"id":9097,"href":"https:\/\/www.physioemotion.ca\/fr\/wp-json\/wp\/v2\/pages\/8937\/revisions\/9097"}],"wp:attachment":[{"href":"https:\/\/www.physioemotion.ca\/fr\/wp-json\/wp\/v2\/media?parent=8937"}],"curies":[{"name":"wp","href":"https:\/\/api.w.org\/{rel}","templated":true}]}}