{"id":8938,"date":"2024-12-17T18:13:36","date_gmt":"2024-12-17T23:13:36","guid":{"rendered":"https:\/\/pascalcaillens.com\/physio\/?page_id=8938"},"modified":"2025-08-20T11:28:07","modified_gmt":"2025-08-20T15:28:07","slug":"reeducation-vestibulaire-etourdissements-vertiges","status":"publish","type":"page","link":"https:\/\/www.physioemotion.ca\/fr\/reeducation-vestibulaire-etourdissements-vertiges\/","title":{"rendered":"R\u00e9\u00e9ducation vestibulaire (\u00e9tourdissements\/vertiges)"},"content":{"rendered":"<div data-elementor-type=\"wp-page\" data-elementor-id=\"8938\" class=\"elementor elementor-8938\" data-elementor-post-type=\"page\">\n\t\t\t\t<div class=\"elementor-element elementor-element-c7d2df1 e-flex e-con-boxed e-con e-parent\" data-id=\"c7d2df1\" data-element_type=\"container\" id=\"vestibulaire\">\n\t\t\t\t\t<div class=\"e-con-inner\">\n\t\t<div class=\"elementor-element elementor-element-1e77756 e-con-full e-flex e-con e-child\" data-id=\"1e77756\" data-element_type=\"container\">\n\t\t\t\t<div class=\"elementor-element elementor-element-10d058c elementor-widget elementor-widget-image\" data-id=\"10d058c\" data-element_type=\"widget\" data-widget_type=\"image.default\">\n\t\t\t\t<div class=\"elementor-widget-container\">\n\t\t\t\t\t\t\t\t\t\t\t\t\t\t\t<img fetchpriority=\"high\" decoding=\"async\" width=\"640\" height=\"427\" src=\"https:\/\/www.physioemotion.ca\/wp-content\/uploads\/2025\/03\/Vertiges-et-physiotherapie-traitements-et-causes-1024x683.jpg\" class=\"attachment-large size-large wp-image-9016\" alt=\"\" srcset=\"https:\/\/www.physioemotion.ca\/wp-content\/uploads\/2025\/03\/Vertiges-et-physiotherapie-traitements-et-causes-1024x683.jpg 1024w, https:\/\/www.physioemotion.ca\/wp-content\/uploads\/2025\/03\/Vertiges-et-physiotherapie-traitements-et-causes-300x200.jpg 300w, https:\/\/www.physioemotion.ca\/wp-content\/uploads\/2025\/03\/Vertiges-et-physiotherapie-traitements-et-causes-768x512.jpg 768w, https:\/\/www.physioemotion.ca\/wp-content\/uploads\/2025\/03\/Vertiges-et-physiotherapie-traitements-et-causes-18x12.jpg 18w, https:\/\/www.physioemotion.ca\/wp-content\/uploads\/2025\/03\/Vertiges-et-physiotherapie-traitements-et-causes-600x400.jpg 600w, https:\/\/www.physioemotion.ca\/wp-content\/uploads\/2025\/03\/Vertiges-et-physiotherapie-traitements-et-causes.jpg 1520w\" sizes=\"(max-width: 640px) 100vw, 640px\" \/>\t\t\t\t\t\t\t\t\t\t\t\t\t\t\t<\/div>\n\t\t\t\t<\/div>\n\t\t\t\t<\/div>\n\t\t<div class=\"elementor-element elementor-element-1ba22bc e-con-full e-flex e-con e-child\" data-id=\"1ba22bc\" data-element_type=\"container\">\n\t\t\t\t<div class=\"elementor-element elementor-element-6f31427 elementor-widget__width-initial elementor-widget elementor-widget-heading\" data-id=\"6f31427\" data-element_type=\"widget\" data-widget_type=\"heading.default\">\n\t\t\t\t<div class=\"elementor-widget-container\">\n\t\t\t\t\t<h2 class=\"elementor-heading-title elementor-size-default\">R\u00e9\u00e9ducation vestibulaire (\u00e9tourdissements\/ vertiges) <\/h2>\t\t\t\t<\/div>\n\t\t\t\t<\/div>\n\t\t\t\t<div class=\"elementor-element elementor-element-6f00b95 elementor-widget elementor-widget-text-editor\" data-id=\"6f00b95\" data-element_type=\"widget\" data-widget_type=\"text-editor.default\">\n\t\t\t\t<div class=\"elementor-widget-container\">\n\t\t\t\t\t\t\t\t\t<p>La sensation d&#8217;\u00e9tourdissements ou de vertiges peut limiter \u00e9norm\u00e9ment la qualit\u00e9 de vie et la s\u00e9curit\u00e9.\u00a0 Avec l&#8217;\u00e2ge, le risque de chute augmente \u00e9galement lorsque les \u00e9tourdissements se pr\u00e9sentent.<\/p><p>Dans cette cat\u00e9gorie de prise en charge, nous incluons les \u00e9tourdissements, les vertiges, les VPPB, les labyrinthites, les troubles d&#8217;\u00e9quilibre, les TCC et les risques de chute. Nous incluons \u00e9galement la r\u00e9adaptation post. AVC pour alors augmenter les strat\u00e9gies d&#8217;\u00e9quilibre, pr\u00e9vention des chutes et renforcement.<\/p><p>Lors de la premi\u00e8re rencontre d&#8217;\u00e9valuation, il est primordiale de d\u00e9terminer la source probable du probl\u00e8me pour ainsi planifier un plan de traitement ad\u00e9quat et personnalis\u00e9. Souvent, il peut y avoir la combinaison de th\u00e9rapie manuelle cervicale et cr\u00e2nienne, des interventions vestibulaires pures (ex. cristaux) ainsi que des exercices de stabilisation, d&#8217;\u00e9quilibre et de r\u00e9flexes.\u00a0<\/p><p>Par ailleurs, il est indispensable de faire diagnostic diff\u00e9rentiel pour ainsi d\u00e9terminer la n\u00e9cessit\u00e9 de r\u00e9f\u00e9rer au besoin au niveau m\u00e9dicale ou pour des tests d&#8217;imagerie suppl\u00e9mentaires.<\/p><p>Finalement, l&#8217;\u00e9ducation et la pr\u00e9vention des r\u00e9cidives sont non n\u00e9gligeables.<\/p>\t\t\t\t\t\t\t\t<\/div>\n\t\t\t\t<\/div>\n\t\t\t\t<\/div>\n\t\t\t\t\t<\/div>\n\t\t\t\t<\/div>\n\t\t<div class=\"elementor-element elementor-element-fa766ef e-flex e-con-boxed e-con e-parent\" data-id=\"fa766ef\" data-element_type=\"container\">\n\t\t\t\t\t<div class=\"e-con-inner\">\n\t\t\t\t\t<\/div>\n\t\t\t\t<\/div>\n\t\t\t\t<\/div>","protected":false},"excerpt":{"rendered":"<p>R\u00e9\u00e9ducation vestibulaire (\u00e9tourdissements\/ vertiges) La sensation d&#8217;\u00e9tourdissements ou de vertiges peut limiter \u00e9norm\u00e9ment la qualit\u00e9 de vie et la s\u00e9curit\u00e9.\u00a0 Avec l&#8217;\u00e2ge, le risque de chute augmente \u00e9galement lorsque les \u00e9tourdissements se pr\u00e9sentent. Dans cette cat\u00e9gorie de prise en charge, nous incluons les \u00e9tourdissements, les vertiges, les VPPB, les labyrinthites, les troubles d&#8217;\u00e9quilibre, les TCC [&hellip;]<\/p>","protected":false},"author":1,"featured_media":0,"parent":0,"menu_order":0,"comment_status":"closed","ping_status":"closed","template":"","meta":{"footnotes":""},"class_list":["post-8938","page","type-page","status-publish","hentry"],"_links":{"self":[{"href":"https:\/\/www.physioemotion.ca\/fr\/wp-json\/wp\/v2\/pages\/8938","targetHints":{"allow":["GET"]}}],"collection":[{"href":"https:\/\/www.physioemotion.ca\/fr\/wp-json\/wp\/v2\/pages"}],"about":[{"href":"https:\/\/www.physioemotion.ca\/fr\/wp-json\/wp\/v2\/types\/page"}],"author":[{"embeddable":true,"href":"https:\/\/www.physioemotion.ca\/fr\/wp-json\/wp\/v2\/users\/1"}],"replies":[{"embeddable":true,"href":"https:\/\/www.physioemotion.ca\/fr\/wp-json\/wp\/v2\/comments?post=8938"}],"version-history":[{"count":17,"href":"https:\/\/www.physioemotion.ca\/fr\/wp-json\/wp\/v2\/pages\/8938\/revisions"}],"predecessor-version":[{"id":9045,"href":"https:\/\/www.physioemotion.ca\/fr\/wp-json\/wp\/v2\/pages\/8938\/revisions\/9045"}],"wp:attachment":[{"href":"https:\/\/www.physioemotion.ca\/fr\/wp-json\/wp\/v2\/media?parent=8938"}],"curies":[{"name":"wp","href":"https:\/\/api.w.org\/{rel}","templated":true}]}}