{"id":8939,"date":"2024-12-17T18:14:53","date_gmt":"2024-12-17T23:14:53","guid":{"rendered":"https:\/\/pascalcaillens.com\/physio\/?page_id=8939"},"modified":"2025-08-20T11:26:45","modified_gmt":"2025-08-20T15:26:45","slug":"reeducation-temporo-mandibulaire-atm-machoire","status":"publish","type":"page","link":"https:\/\/www.physioemotion.ca\/fr\/reeducation-temporo-mandibulaire-atm-machoire\/","title":{"rendered":"R\u00e9\u00e9ducation temporo-mandibulaire (ATM &#8211; M\u00e2choire)"},"content":{"rendered":"<div data-elementor-type=\"wp-page\" data-elementor-id=\"8939\" class=\"elementor elementor-8939\" data-elementor-post-type=\"page\">\n\t\t\t\t<div class=\"elementor-element elementor-element-2fb7454 e-flex e-con-boxed e-con e-parent\" data-id=\"2fb7454\" data-element_type=\"container\" id=\"mandibulaire\">\n\t\t\t\t\t<div class=\"e-con-inner\">\n\t\t<div class=\"elementor-element elementor-element-46066c8 e-con-full e-flex e-con e-child\" data-id=\"46066c8\" data-element_type=\"container\">\n\t\t\t\t<div class=\"elementor-element elementor-element-73633a9 elementor-widget elementor-widget-heading\" data-id=\"73633a9\" data-element_type=\"widget\" data-widget_type=\"heading.default\">\n\t\t\t\t<div class=\"elementor-widget-container\">\n\t\t\t\t\t<h2 class=\"elementor-heading-title elementor-size-default\">R\u00e9\u00e9ducation temporo-mandibulaire (ATM - M\u00e2choire)<\/h2>\t\t\t\t<\/div>\n\t\t\t\t<\/div>\n\t\t\t\t<div class=\"elementor-element elementor-element-ee8f0e7 elementor-widget elementor-widget-text-editor\" data-id=\"ee8f0e7\" data-element_type=\"widget\" data-widget_type=\"text-editor.default\">\n\t\t\t\t<div class=\"elementor-widget-container\">\n\t\t\t\t\t\t\t\t\t<p>Que ce soit pour des blocages ou douleurs \u00e0 la m\u00e2choire, du bruxisme nocturne\/diurne (serrement des dents), pour des douleurs faciales, des troubles d&#8217;occlusion ou des maux de t\u00eate, la physioth\u00e9rapie peut \u00eatre un excellente outil pour travailler de pair avec votre dentiste et\/ou m\u00e9decin.<\/p><p>Lors de l&#8217;\u00e9valuation, nous sommes \u00e0 m\u00eame de d\u00e9terminer la ou les source(s) du probl\u00e8me, faire des interventions interne (bouche) et externe (cou, cr\u00e2ne et visage), pour vous accompagner pour des meilleures habitudes et posture et bien s\u00fbr vous prescrire les exercices pertinents pour vous aider.<\/p><p>Nous travaillons conjointement de mani\u00e8re r\u00e9guli\u00e8re avec votre dentiste, votre m\u00e9decin, l&#8217;infirmi\u00e8re clinicienne, l&#8217;ORL et les chirurgiens maxilo-faciale au besoin.\u00a0<\/p><p>J&#8217;ai Physio E-Motion, nous avons une approche sp\u00e9cialis\u00e9e en r\u00e9\u00e9ducation temporo-mandibulaire (m\u00e2choire).\u00a0<\/p>\t\t\t\t\t\t\t\t<\/div>\n\t\t\t\t<\/div>\n\t\t\t\t<\/div>\n\t\t<div class=\"elementor-element elementor-element-4f89306 e-con-full e-flex e-con e-child\" data-id=\"4f89306\" data-element_type=\"container\">\n\t\t\t\t<div class=\"elementor-element elementor-element-a4f2495 elementor-widget elementor-widget-image\" data-id=\"a4f2495\" data-element_type=\"widget\" data-widget_type=\"image.default\">\n\t\t\t\t<div class=\"elementor-widget-container\">\n\t\t\t\t\t\t\t\t\t\t\t\t\t\t\t<img fetchpriority=\"high\" decoding=\"async\" width=\"640\" height=\"427\" src=\"https:\/\/www.physioemotion.ca\/wp-content\/uploads\/2025\/03\/11530759-1024x683.webp\" class=\"attachment-large size-large wp-image-9012\" alt=\"\" srcset=\"https:\/\/www.physioemotion.ca\/wp-content\/uploads\/2025\/03\/11530759-1024x683.webp 1024w, https:\/\/www.physioemotion.ca\/wp-content\/uploads\/2025\/03\/11530759-300x200.webp 300w, https:\/\/www.physioemotion.ca\/wp-content\/uploads\/2025\/03\/11530759-768x513.webp 768w, https:\/\/www.physioemotion.ca\/wp-content\/uploads\/2025\/03\/11530759-18x12.webp 18w, https:\/\/www.physioemotion.ca\/wp-content\/uploads\/2025\/03\/11530759-600x400.webp 600w, https:\/\/www.physioemotion.ca\/wp-content\/uploads\/2025\/03\/11530759.webp 1500w\" sizes=\"(max-width: 640px) 100vw, 640px\" \/>\t\t\t\t\t\t\t\t\t\t\t\t\t\t\t<\/div>\n\t\t\t\t<\/div>\n\t\t\t\t<\/div>\n\t\t\t\t\t<\/div>\n\t\t\t\t<\/div>\n\t\t\t\t<\/div>","protected":false},"excerpt":{"rendered":"<p>R\u00e9\u00e9ducation temporo-mandibulaire (ATM &#8211; M\u00e2choire) Que ce soit pour des blocages ou douleurs \u00e0 la m\u00e2choire, du bruxisme nocturne\/diurne (serrement des dents), pour des douleurs faciales, des troubles d&#8217;occlusion ou des maux de t\u00eate, la physioth\u00e9rapie peut \u00eatre un excellente outil pour travailler de pair avec votre dentiste et\/ou m\u00e9decin. Lors de l&#8217;\u00e9valuation, nous sommes [&hellip;]<\/p>","protected":false},"author":1,"featured_media":0,"parent":0,"menu_order":0,"comment_status":"closed","ping_status":"closed","template":"","meta":{"footnotes":""},"class_list":["post-8939","page","type-page","status-publish","hentry"],"_links":{"self":[{"href":"https:\/\/www.physioemotion.ca\/fr\/wp-json\/wp\/v2\/pages\/8939","targetHints":{"allow":["GET"]}}],"collection":[{"href":"https:\/\/www.physioemotion.ca\/fr\/wp-json\/wp\/v2\/pages"}],"about":[{"href":"https:\/\/www.physioemotion.ca\/fr\/wp-json\/wp\/v2\/types\/page"}],"author":[{"embeddable":true,"href":"https:\/\/www.physioemotion.ca\/fr\/wp-json\/wp\/v2\/users\/1"}],"replies":[{"embeddable":true,"href":"https:\/\/www.physioemotion.ca\/fr\/wp-json\/wp\/v2\/comments?post=8939"}],"version-history":[{"count":11,"href":"https:\/\/www.physioemotion.ca\/fr\/wp-json\/wp\/v2\/pages\/8939\/revisions"}],"predecessor-version":[{"id":9042,"href":"https:\/\/www.physioemotion.ca\/fr\/wp-json\/wp\/v2\/pages\/8939\/revisions\/9042"}],"wp:attachment":[{"href":"https:\/\/www.physioemotion.ca\/fr\/wp-json\/wp\/v2\/media?parent=8939"}],"curies":[{"name":"wp","href":"https:\/\/api.w.org\/{rel}","templated":true}]}}