{"id":8940,"date":"2024-12-17T18:16:28","date_gmt":"2024-12-17T23:16:28","guid":{"rendered":"https:\/\/pascalcaillens.com\/physio\/?page_id=8940"},"modified":"2025-08-25T11:23:41","modified_gmt":"2025-08-25T15:23:41","slug":"rencontre-a-domicile","status":"publish","type":"page","link":"https:\/\/www.physioemotion.ca\/fr\/rencontre-a-domicile\/","title":{"rendered":"Rencontre \u00e0 domicile"},"content":{"rendered":"<div data-elementor-type=\"wp-page\" data-elementor-id=\"8940\" class=\"elementor elementor-8940\" data-elementor-post-type=\"page\">\n\t\t\t\t<div class=\"elementor-element elementor-element-e1944ee e-flex e-con-boxed e-con e-parent\" data-id=\"e1944ee\" data-element_type=\"container\" id=\"rencontre-domicile\">\n\t\t\t\t\t<div class=\"e-con-inner\">\n\t\t<div class=\"elementor-element elementor-element-50c6fbb e-con-full e-flex e-con e-child\" data-id=\"50c6fbb\" data-element_type=\"container\">\n\t\t\t\t<div class=\"elementor-element elementor-element-e1e70f9 elementor-widget elementor-widget-image\" data-id=\"e1e70f9\" data-element_type=\"widget\" data-widget_type=\"image.default\">\n\t\t\t\t<div class=\"elementor-widget-container\">\n\t\t\t\t\t\t\t\t\t\t\t\t\t\t\t<img fetchpriority=\"high\" decoding=\"async\" width=\"640\" height=\"290\" src=\"https:\/\/www.physioemotion.ca\/wp-content\/uploads\/2025\/08\/service-a-domicile.png\" class=\"attachment-large size-large wp-image-9083\" alt=\"\" srcset=\"https:\/\/www.physioemotion.ca\/wp-content\/uploads\/2025\/08\/service-a-domicile.png 1000w, https:\/\/www.physioemotion.ca\/wp-content\/uploads\/2025\/08\/service-a-domicile-300x136.png 300w, https:\/\/www.physioemotion.ca\/wp-content\/uploads\/2025\/08\/service-a-domicile-768x348.png 768w, https:\/\/www.physioemotion.ca\/wp-content\/uploads\/2025\/08\/service-a-domicile-18x8.png 18w, https:\/\/www.physioemotion.ca\/wp-content\/uploads\/2025\/08\/service-a-domicile-600x272.png 600w\" sizes=\"(max-width: 640px) 100vw, 640px\" \/>\t\t\t\t\t\t\t\t\t\t\t\t\t\t\t<\/div>\n\t\t\t\t<\/div>\n\t\t\t\t<\/div>\n\t\t<div class=\"elementor-element elementor-element-74395c7 e-con-full e-flex e-con e-child\" data-id=\"74395c7\" data-element_type=\"container\">\n\t\t\t\t<div class=\"elementor-element elementor-element-6476e70 elementor-widget elementor-widget-heading\" data-id=\"6476e70\" data-element_type=\"widget\" data-widget_type=\"heading.default\">\n\t\t\t\t<div class=\"elementor-widget-container\">\n\t\t\t\t\t<h2 class=\"elementor-heading-title elementor-size-default\">Rencontre \u00e0 domicile<\/h2>\t\t\t\t<\/div>\n\t\t\t\t<\/div>\n\t\t\t\t<div class=\"elementor-element elementor-element-be237cf elementor-widget elementor-widget-text-editor\" data-id=\"be237cf\" data-element_type=\"widget\" data-widget_type=\"text-editor.default\">\n\t\t\t\t<div class=\"elementor-widget-container\">\n\t\t\t\t\t\t\t\t\t<p>Les rencontres \u00e0 domicile peuvent \u00eatre pertinentes pour les personnes \u00e0 mobilit\u00e9 r\u00e9duite (perte d&#8217;autonomie, post. chirurgie&#8230;), n&#8217;ayant pas de transport accessible ou tout simplement en raison de vie charg\u00e9e et occup\u00e9e.<\/p><p>Lors de cette rencontre \u00e0 domicile, notre physioth\u00e9rapeute apporte son mat\u00e9riel d&#8217;\u00e9valuation et d&#8217;intervention ainsi qu&#8217;une table de traitements.<\/p><p>Pr\u00e9voir un espace assez grand pour pouvoir installer la table, par exemple dans le salon ou la salle \u00e0 manger.<\/p><p>Comme dans nos prises en charge en clinique, nous proc\u00e9dons d&#8217;abord \u00e0 l&#8217;\u00e9valuation compl\u00e8te de votre probl\u00e9matique et dans son contexte personnalis\u00e9. Par ailleurs, le fait que nous puissions avoir acc\u00e8s \u00e0 votre environnement il peut \u00eatre int\u00e9ressant et pertinent d&#8217;\u00e9valuer parfois certaines difficult\u00e9 comme les transferts au lit, salle de bain, les d\u00e9placements \u00e0 l&#8217;int\u00e9rieur et les escaliers.\u00a0<\/p><p>Actuellement la prise de rendez-vous en ligne n&#8217;est pas ouverte pour les rencontres \u00e0 domicile, mais nous en faisons g\u00e9n\u00e9ralement \u00e0 toutes les semaines. Nous contacter via courriel ou par t\u00e9l\u00e9phone pour d\u00e9terminer une plage horaire commune.<\/p>\t\t\t\t\t\t\t\t<\/div>\n\t\t\t\t<\/div>\n\t\t\t\t<\/div>\n\t\t\t\t\t<\/div>\n\t\t\t\t<\/div>\n\t\t\t\t<\/div>","protected":false},"excerpt":{"rendered":"<p>Rencontre \u00e0 domicile Les rencontres \u00e0 domicile peuvent \u00eatre pertinentes pour les personnes \u00e0 mobilit\u00e9 r\u00e9duite (perte d&#8217;autonomie, post. chirurgie&#8230;), n&#8217;ayant pas de transport accessible ou tout simplement en raison de vie charg\u00e9e et occup\u00e9e. Lors de cette rencontre \u00e0 domicile, notre physioth\u00e9rapeute apporte son mat\u00e9riel d&#8217;\u00e9valuation et d&#8217;intervention ainsi qu&#8217;une table de traitements. Pr\u00e9voir [&hellip;]<\/p>","protected":false},"author":1,"featured_media":0,"parent":0,"menu_order":0,"comment_status":"closed","ping_status":"closed","template":"","meta":{"footnotes":""},"class_list":["post-8940","page","type-page","status-publish","hentry"],"_links":{"self":[{"href":"https:\/\/www.physioemotion.ca\/fr\/wp-json\/wp\/v2\/pages\/8940","targetHints":{"allow":["GET"]}}],"collection":[{"href":"https:\/\/www.physioemotion.ca\/fr\/wp-json\/wp\/v2\/pages"}],"about":[{"href":"https:\/\/www.physioemotion.ca\/fr\/wp-json\/wp\/v2\/types\/page"}],"author":[{"embeddable":true,"href":"https:\/\/www.physioemotion.ca\/fr\/wp-json\/wp\/v2\/users\/1"}],"replies":[{"embeddable":true,"href":"https:\/\/www.physioemotion.ca\/fr\/wp-json\/wp\/v2\/comments?post=8940"}],"version-history":[{"count":11,"href":"https:\/\/www.physioemotion.ca\/fr\/wp-json\/wp\/v2\/pages\/8940\/revisions"}],"predecessor-version":[{"id":9086,"href":"https:\/\/www.physioemotion.ca\/fr\/wp-json\/wp\/v2\/pages\/8940\/revisions\/9086"}],"wp:attachment":[{"href":"https:\/\/www.physioemotion.ca\/fr\/wp-json\/wp\/v2\/media?parent=8940"}],"curies":[{"name":"wp","href":"https:\/\/api.w.org\/{rel}","templated":true}]}}