{"id":8941,"date":"2024-12-17T18:17:59","date_gmt":"2024-12-17T23:17:59","guid":{"rendered":"https:\/\/pascalcaillens.com\/physio\/?page_id=8941"},"modified":"2025-08-20T11:47:23","modified_gmt":"2025-08-20T15:47:23","slug":"rencontre-virtuelle","status":"publish","type":"page","link":"https:\/\/www.physioemotion.ca\/fr\/rencontre-virtuelle\/","title":{"rendered":"Rencontre virtuelle"},"content":{"rendered":"<div data-elementor-type=\"wp-page\" data-elementor-id=\"8941\" class=\"elementor elementor-8941\" data-elementor-post-type=\"page\">\n\t\t\t\t<div class=\"elementor-element elementor-element-4bce6fa e-flex e-con-boxed e-con e-parent\" data-id=\"4bce6fa\" data-element_type=\"container\" id=\"rencontre-virtuelle\">\n\t\t\t\t\t<div class=\"e-con-inner\">\n\t\t<div class=\"elementor-element elementor-element-da289fc e-con-full e-flex e-con e-child\" data-id=\"da289fc\" data-element_type=\"container\">\n\t\t\t\t<div class=\"elementor-element elementor-element-5ac8b99 elementor-widget elementor-widget-heading\" data-id=\"5ac8b99\" data-element_type=\"widget\" data-widget_type=\"heading.default\">\n\t\t\t\t<div class=\"elementor-widget-container\">\n\t\t\t\t\t<h2 class=\"elementor-heading-title elementor-size-default\">Rencontre virtuelle<\/h2>\t\t\t\t<\/div>\n\t\t\t\t<\/div>\n\t\t\t\t<div class=\"elementor-element elementor-element-5c585aa elementor-widget elementor-widget-text-editor\" data-id=\"5c585aa\" data-element_type=\"widget\" data-widget_type=\"text-editor.default\">\n\t\t\t\t<div class=\"elementor-widget-container\">\n\t\t\t\t\t\t\t\t\t<p>Les rencontres virtuelles peuvent \u00eatre int\u00e9ressantes dans les cas de longues distances ou pour des cas simples. Ces rendez-vous peuvent \u00e9galement \u00eatre utilis\u00e9s pour des r\u00e9visions et progression d&#8217;exercices ou pour des conseils post. blessures en attendant une prise en charge physique.<\/p><p>Nous proc\u00e9dons par une rencontre virtuelle via la plateforme Zoom. Nous vous envoyons alors un lien par courriel pour ainsi vous connecter lors de la plage horaire r\u00e9serv\u00e9e \u00e0 votre rendez-vous. Toujours pr\u00e9voir \u00eatre connecter un 5minutes avant le rendez-vous pour \u00e9viter des d\u00e9lais de connexion.<\/p>\t\t\t\t\t\t\t\t<\/div>\n\t\t\t\t<\/div>\n\t\t\t\t<\/div>\n\t\t<div class=\"elementor-element elementor-element-bd9d53f e-con-full e-flex e-con e-child\" data-id=\"bd9d53f\" data-element_type=\"container\">\n\t\t\t\t<div class=\"elementor-element elementor-element-0a70d5c elementor-widget elementor-widget-image\" data-id=\"0a70d5c\" data-element_type=\"widget\" data-widget_type=\"image.default\">\n\t\t\t\t<div class=\"elementor-widget-container\">\n\t\t\t\t\t\t\t\t\t\t\t\t\t\t\t<img fetchpriority=\"high\" decoding=\"async\" width=\"640\" height=\"428\" src=\"https:\/\/www.physioemotion.ca\/wp-content\/uploads\/2025\/08\/vecteezy_young-woman-is-looking-at-her-computer-screen-while-business_5140369-1024x684.jpg\" class=\"attachment-large size-large wp-image-9051\" alt=\"\" srcset=\"https:\/\/www.physioemotion.ca\/wp-content\/uploads\/2025\/08\/vecteezy_young-woman-is-looking-at-her-computer-screen-while-business_5140369-1024x684.jpg 1024w, https:\/\/www.physioemotion.ca\/wp-content\/uploads\/2025\/08\/vecteezy_young-woman-is-looking-at-her-computer-screen-while-business_5140369-300x200.jpg 300w, https:\/\/www.physioemotion.ca\/wp-content\/uploads\/2025\/08\/vecteezy_young-woman-is-looking-at-her-computer-screen-while-business_5140369-768x513.jpg 768w, https:\/\/www.physioemotion.ca\/wp-content\/uploads\/2025\/08\/vecteezy_young-woman-is-looking-at-her-computer-screen-while-business_5140369-1536x1025.jpg 1536w, https:\/\/www.physioemotion.ca\/wp-content\/uploads\/2025\/08\/vecteezy_young-woman-is-looking-at-her-computer-screen-while-business_5140369-2048x1367.jpg 2048w, https:\/\/www.physioemotion.ca\/wp-content\/uploads\/2025\/08\/vecteezy_young-woman-is-looking-at-her-computer-screen-while-business_5140369-18x12.jpg 18w, https:\/\/www.physioemotion.ca\/wp-content\/uploads\/2025\/08\/vecteezy_young-woman-is-looking-at-her-computer-screen-while-business_5140369-600x401.jpg 600w\" sizes=\"(max-width: 640px) 100vw, 640px\" \/>\t\t\t\t\t\t\t\t\t\t\t\t\t\t\t<\/div>\n\t\t\t\t<\/div>\n\t\t\t\t<\/div>\n\t\t\t\t\t<\/div>\n\t\t\t\t<\/div>\n\t\t\t\t<\/div>","protected":false},"excerpt":{"rendered":"<p>Rencontre virtuelle Les rencontres virtuelles peuvent \u00eatre int\u00e9ressantes dans les cas de longues distances ou pour des cas simples. Ces rendez-vous peuvent \u00e9galement \u00eatre utilis\u00e9s pour des r\u00e9visions et progression d&#8217;exercices ou pour des conseils post. blessures en attendant une prise en charge physique. Nous proc\u00e9dons par une rencontre virtuelle via la plateforme Zoom. Nous [&hellip;]<\/p>","protected":false},"author":1,"featured_media":0,"parent":0,"menu_order":0,"comment_status":"closed","ping_status":"closed","template":"","meta":{"footnotes":""},"class_list":["post-8941","page","type-page","status-publish","hentry"],"_links":{"self":[{"href":"https:\/\/www.physioemotion.ca\/fr\/wp-json\/wp\/v2\/pages\/8941","targetHints":{"allow":["GET"]}}],"collection":[{"href":"https:\/\/www.physioemotion.ca\/fr\/wp-json\/wp\/v2\/pages"}],"about":[{"href":"https:\/\/www.physioemotion.ca\/fr\/wp-json\/wp\/v2\/types\/page"}],"author":[{"embeddable":true,"href":"https:\/\/www.physioemotion.ca\/fr\/wp-json\/wp\/v2\/users\/1"}],"replies":[{"embeddable":true,"href":"https:\/\/www.physioemotion.ca\/fr\/wp-json\/wp\/v2\/comments?post=8941"}],"version-history":[{"count":8,"href":"https:\/\/www.physioemotion.ca\/fr\/wp-json\/wp\/v2\/pages\/8941\/revisions"}],"predecessor-version":[{"id":9054,"href":"https:\/\/www.physioemotion.ca\/fr\/wp-json\/wp\/v2\/pages\/8941\/revisions\/9054"}],"wp:attachment":[{"href":"https:\/\/www.physioemotion.ca\/fr\/wp-json\/wp\/v2\/media?parent=8941"}],"curies":[{"name":"wp","href":"https:\/\/api.w.org\/{rel}","templated":true}]}}