{"id":8942,"date":"2024-12-17T18:19:15","date_gmt":"2024-12-17T23:19:15","guid":{"rendered":"https:\/\/pascalcaillens.com\/physio\/?page_id=8942"},"modified":"2025-08-20T11:51:27","modified_gmt":"2025-08-20T15:51:27","slug":"service-en-entreprise","status":"publish","type":"page","link":"https:\/\/www.physioemotion.ca\/fr\/service-en-entreprise\/","title":{"rendered":"Service en entreprise"},"content":{"rendered":"<div data-elementor-type=\"wp-page\" data-elementor-id=\"8942\" class=\"elementor elementor-8942\" data-elementor-post-type=\"page\">\n\t\t\t\t<div class=\"elementor-element elementor-element-4a9d0e9 e-flex e-con-boxed e-con e-parent\" data-id=\"4a9d0e9\" data-element_type=\"container\" id=\"service-entreprise\">\n\t\t\t\t\t<div class=\"e-con-inner\">\n\t\t<div class=\"elementor-element elementor-element-0aba57c e-con-full e-flex e-con e-child\" data-id=\"0aba57c\" data-element_type=\"container\">\n\t\t\t\t<div class=\"elementor-element elementor-element-8b2e9c0 elementor-widget elementor-widget-image\" data-id=\"8b2e9c0\" data-element_type=\"widget\" data-widget_type=\"image.default\">\n\t\t\t\t<div class=\"elementor-widget-container\">\n\t\t\t\t\t\t\t\t\t\t\t\t\t\t\t<img fetchpriority=\"high\" decoding=\"async\" width=\"640\" height=\"427\" src=\"https:\/\/www.physioemotion.ca\/wp-content\/uploads\/2025\/08\/vecteezy_business-people-in-a-meeting-at-office_12133038-1024x683.jpg\" class=\"attachment-large size-large wp-image-9055\" alt=\"\" srcset=\"https:\/\/www.physioemotion.ca\/wp-content\/uploads\/2025\/08\/vecteezy_business-people-in-a-meeting-at-office_12133038-1024x683.jpg 1024w, https:\/\/www.physioemotion.ca\/wp-content\/uploads\/2025\/08\/vecteezy_business-people-in-a-meeting-at-office_12133038-300x200.jpg 300w, https:\/\/www.physioemotion.ca\/wp-content\/uploads\/2025\/08\/vecteezy_business-people-in-a-meeting-at-office_12133038-768x513.jpg 768w, https:\/\/www.physioemotion.ca\/wp-content\/uploads\/2025\/08\/vecteezy_business-people-in-a-meeting-at-office_12133038-1536x1025.jpg 1536w, https:\/\/www.physioemotion.ca\/wp-content\/uploads\/2025\/08\/vecteezy_business-people-in-a-meeting-at-office_12133038-2048x1367.jpg 2048w, https:\/\/www.physioemotion.ca\/wp-content\/uploads\/2025\/08\/vecteezy_business-people-in-a-meeting-at-office_12133038-18x12.jpg 18w, https:\/\/www.physioemotion.ca\/wp-content\/uploads\/2025\/08\/vecteezy_business-people-in-a-meeting-at-office_12133038-600x400.jpg 600w\" sizes=\"(max-width: 640px) 100vw, 640px\" \/>\t\t\t\t\t\t\t\t\t\t\t\t\t\t\t<\/div>\n\t\t\t\t<\/div>\n\t\t\t\t<\/div>\n\t\t<div class=\"elementor-element elementor-element-aa5323b e-con-full e-flex e-con e-child\" data-id=\"aa5323b\" data-element_type=\"container\">\n\t\t\t\t<div class=\"elementor-element elementor-element-1dbd604 elementor-widget elementor-widget-heading\" data-id=\"1dbd604\" data-element_type=\"widget\" data-widget_type=\"heading.default\">\n\t\t\t\t<div class=\"elementor-widget-container\">\n\t\t\t\t\t<h2 class=\"elementor-heading-title elementor-size-default\">Service en entreprise<\/h2>\t\t\t\t<\/div>\n\t\t\t\t<\/div>\n\t\t\t\t<div class=\"elementor-element elementor-element-e1c5a7f elementor-widget elementor-widget-text-editor\" data-id=\"e1c5a7f\" data-element_type=\"widget\" data-widget_type=\"text-editor.default\">\n\t\t\t\t<div class=\"elementor-widget-container\">\n\t\t\t\t\t\t\t\t\t<p>Nous sommes en d\u00e9veloppement d&#8217;un projet pilote qui nous permettra d&#8217;intervenir en amont soit principalement en pr\u00e9vention en milieu de travail.\u00a0<\/p><p>Nous voulons \u00eatre des partenaires de choix pour l&#8217;\u00e9valuation de poste de travail ou de blessures fr\u00e9quentes dans les milieux de travail de mani\u00e8re personnalis\u00e9e et adapt\u00e9 \u00e0 votre r\u00e9alit\u00e9 d&#8217;emploi.<\/p><p>Nous sommes \u00e9galement \u00e0 l&#8217;\u00e9coute des diff\u00e9rents inconforts ou douleurs qui sont hors travail qui peuvent \u00e9galement nuire \u00e0 votre confort et performance.<\/p><p>Nous d\u00e9sirons alors travailler de pair avec les travailleurs et les employeurs pour ainsi r\u00e9duire les co\u00fbts d&#8217;arr\u00eat et d&#8217;accident de travail, et offrir un milieu de travail sain, s\u00e9curitaire et qui mise sur le bien \u00eatre et la pr\u00e9vention.<\/p><p>Nous pouvons offrir notre soutien sous diff\u00e9rentes formes soit par des traitements sur place en milieu de travail, des \u00e9valuations de poste de travail incluant des rapports et plan d&#8217;intervention ou par des ateliers constructifs et personnalis\u00e9s aux enjeux de VOTRE milieu de travail.<\/p><p>N&#8217;h\u00e9sitez pas \u00e0 utiliser notre onglet contact pour nous pr\u00e9senter les enjeux de votre milieu de travail autant les employeurs et les travailleurs. Il nous fera plaisir d&#8217;aller vous rencontrer pour d\u00e9terminer les sp\u00e9cificit\u00e9s de votre milieu de travail et alors \u00e9valuer comment nous pouvons collaborer avec vous.<\/p>\t\t\t\t\t\t\t\t<\/div>\n\t\t\t\t<\/div>\n\t\t\t\t<\/div>\n\t\t\t\t\t<\/div>\n\t\t\t\t<\/div>\n\t\t\t\t<\/div>","protected":false},"excerpt":{"rendered":"<p>Service en entreprise Nous sommes en d\u00e9veloppement d&#8217;un projet pilote qui nous permettra d&#8217;intervenir en amont soit principalement en pr\u00e9vention en milieu de travail.\u00a0 Nous voulons \u00eatre des partenaires de choix pour l&#8217;\u00e9valuation de poste de travail ou de blessures fr\u00e9quentes dans les milieux de travail de mani\u00e8re personnalis\u00e9e et adapt\u00e9 \u00e0 votre r\u00e9alit\u00e9 d&#8217;emploi. [&hellip;]<\/p>","protected":false},"author":1,"featured_media":0,"parent":0,"menu_order":0,"comment_status":"closed","ping_status":"closed","template":"","meta":{"footnotes":""},"class_list":["post-8942","page","type-page","status-publish","hentry"],"_links":{"self":[{"href":"https:\/\/www.physioemotion.ca\/fr\/wp-json\/wp\/v2\/pages\/8942","targetHints":{"allow":["GET"]}}],"collection":[{"href":"https:\/\/www.physioemotion.ca\/fr\/wp-json\/wp\/v2\/pages"}],"about":[{"href":"https:\/\/www.physioemotion.ca\/fr\/wp-json\/wp\/v2\/types\/page"}],"author":[{"embeddable":true,"href":"https:\/\/www.physioemotion.ca\/fr\/wp-json\/wp\/v2\/users\/1"}],"replies":[{"embeddable":true,"href":"https:\/\/www.physioemotion.ca\/fr\/wp-json\/wp\/v2\/comments?post=8942"}],"version-history":[{"count":11,"href":"https:\/\/www.physioemotion.ca\/fr\/wp-json\/wp\/v2\/pages\/8942\/revisions"}],"predecessor-version":[{"id":9061,"href":"https:\/\/www.physioemotion.ca\/fr\/wp-json\/wp\/v2\/pages\/8942\/revisions\/9061"}],"wp:attachment":[{"href":"https:\/\/www.physioemotion.ca\/fr\/wp-json\/wp\/v2\/media?parent=8942"}],"curies":[{"name":"wp","href":"https:\/\/api.w.org\/{rel}","templated":true}]}}