{"id":9098,"date":"2025-09-02T11:18:12","date_gmt":"2025-09-02T15:18:12","guid":{"rendered":"https:\/\/pascalcaillens.com\/physio\/?page_id=9098"},"modified":"2025-09-02T11:24:11","modified_gmt":"2025-09-02T15:24:11","slug":"un-accident-de-la-route-saaq","status":"publish","type":"page","link":"https:\/\/www.physioemotion.ca\/fr\/un-accident-de-la-route-saaq\/","title":{"rendered":"Un accident de la route (SAAQ)"},"content":{"rendered":"<div data-elementor-type=\"wp-page\" data-elementor-id=\"9098\" class=\"elementor elementor-9098\" data-elementor-post-type=\"page\">\n\t\t\t\t<div class=\"elementor-element elementor-element-5517664 e-flex e-con-boxed e-con e-parent\" data-id=\"5517664\" data-element_type=\"container\" id=\"saaq\">\n\t\t\t\t\t<div class=\"e-con-inner\">\n\t\t<div class=\"elementor-element elementor-element-16a21b1 e-con-full e-flex e-con e-child\" data-id=\"16a21b1\" data-element_type=\"container\">\n\t\t\t\t<div class=\"elementor-element elementor-element-8be3d1d elementor-widget elementor-widget-text-editor\" data-id=\"8be3d1d\" data-element_type=\"widget\" data-widget_type=\"text-editor.default\">\n\t\t\t\t<div class=\"elementor-widget-container\">\n\t\t\t\t\t\t\t\t\t<div>Vous avez eu un accident de la route et avez ouverts un dossier \u00e0 la Soci\u00e9t\u00e9 d\u2019Assurance Automobile du Qu\u00e9bec? Nous sommes des fournisseurs officiels de la SAAQ pour vous offrir des soins en physioth\u00e9rapie et vous accompagner dans votre r\u00e9adaptation autant \u00e0 court, moyen et long terme.<\/div><div>\u00a0<\/div><div>Voici les \u00e9tapes pour une prise en charge en physioth\u00e9rapie dans un contexte d\u2019accident de la route:<\/div><ol start=\"1\"><li><span role=\"presentation\"><a id=\"m_-1837686316499421430OWA61f33316-09cc-5958-6dee-80d4266e6a82\" href=\"https:\/\/saaq.gouv.qc.ca\/accident-route\" target=\"_blank\" rel=\"noopener\" data-saferedirecturl=\"https:\/\/www.google.com\/url?q=https:\/\/saaq.gouv.qc.ca\/accident-route&amp;source=gmail&amp;ust=1756912111907000&amp;usg=AOvVaw0yERraKq8s92JYZkjjFTlT\">D\u00e9clarez votre accident \u00e0 la SAAQ<\/a><\/span>\u00a0(Soci\u00e9t\u00e9 de l\u2019assurance automobile du Qu\u00e9bec) pour obtenir votre num\u00e9ro de dossier ou num\u00e9ro de r\u00e9clamation.<\/li><li>Consultez un m\u00e9decin qui \u00e9valuera votre \u00e9tat et vous fournira un rapport m\u00e9dical ou une ordonnance m\u00e9dicale pour des traitements de physioth\u00e9rapie.<\/li><li>Contactez-nous au (819) 943-4865 pour planifier votre premier rendez-vous ou r\u00e9servez directement en ligne sur notre plateforme <a href=\"https:\/\/www.gorendezvous.com\/physioemotion?companyId=136893\"><strong>Go Rendez-vous<\/strong><\/a>.<\/li><\/ol><h3>\u00c0 savoir&#8230;<\/h3><h3>FRAIS<\/h3><div>\u2013 La SAAQ rembourse 64 $ par traitement de physioth\u00e9rapie. Vous devrez couvrir la diff\u00e9rence. Un re\u00e7u vous sera \u00e9galement fait pour la diff\u00e9rence pay\u00e9e pour ainsi en faire la r\u00e9clamation \u00e0 vos assurances ou pour fins d\u2019imp\u00f4ts.<\/div><div>\u2013 Vous pouvez aussi obtenir un remboursement par la SAAQ de vos frais de d\u00e9placement pour recevoir des soins, incluant le kilom\u00e9trage et les frais de stationnement.<\/div><div>\u00a0<\/div><h3>Nombres de s\u00e9ances<\/h3><div>20 s\u00e9ances au d\u00e9part sont autoris\u00e9es lors de l\u2019ouverture du dossier avec la SAAQ. Le th\u00e9rapeute responsable de votre dossier r\u00e9\u00e9valuera votre condition et, si n\u00e9cessaire, demandera une autorisation pour ajouter des s\u00e9ances par la r\u00e9daction d\u2019un rapport d\u2019\u00e9volution (balise 2).<\/div>\t\t\t\t\t\t\t\t<\/div>\n\t\t\t\t<\/div>\n\t\t\t\t<\/div>\n\t\t<div class=\"elementor-element elementor-element-41c9e6e e-con-full e-flex e-con e-child\" data-id=\"41c9e6e\" data-element_type=\"container\">\n\t\t\t\t<div class=\"elementor-element elementor-element-e1a4a54 elementor-widget elementor-widget-image\" data-id=\"e1a4a54\" data-element_type=\"widget\" data-widget_type=\"image.default\">\n\t\t\t\t<div class=\"elementor-widget-container\">\n\t\t\t\t\t\t\t\t\t\t\t\t\t\t\t<img fetchpriority=\"high\" decoding=\"async\" width=\"640\" height=\"363\" src=\"https:\/\/www.physioemotion.ca\/wp-content\/uploads\/2025\/09\/Capture-decran-le-2025-09-02-a-11.21.12.png\" class=\"attachment-large size-large wp-image-9105\" alt=\"\" srcset=\"https:\/\/www.physioemotion.ca\/wp-content\/uploads\/2025\/09\/Capture-decran-le-2025-09-02-a-11.21.12.png 1010w, https:\/\/www.physioemotion.ca\/wp-content\/uploads\/2025\/09\/Capture-decran-le-2025-09-02-a-11.21.12-300x170.png 300w, https:\/\/www.physioemotion.ca\/wp-content\/uploads\/2025\/09\/Capture-decran-le-2025-09-02-a-11.21.12-768x436.png 768w, https:\/\/www.physioemotion.ca\/wp-content\/uploads\/2025\/09\/Capture-decran-le-2025-09-02-a-11.21.12-18x10.png 18w, https:\/\/www.physioemotion.ca\/wp-content\/uploads\/2025\/09\/Capture-decran-le-2025-09-02-a-11.21.12-600x340.png 600w\" sizes=\"(max-width: 640px) 100vw, 640px\" \/>\t\t\t\t\t\t\t\t\t\t\t\t\t\t\t<\/div>\n\t\t\t\t<\/div>\n\t\t\t\t<\/div>\n\t\t\t\t\t<\/div>\n\t\t\t\t<\/div>\n\t\t\t\t<\/div>","protected":false},"excerpt":{"rendered":"<p>Vous avez eu un accident de la route et avez ouverts un dossier \u00e0 la Soci\u00e9t\u00e9 d\u2019Assurance Automobile du Qu\u00e9bec? Nous sommes des fournisseurs officiels de la SAAQ pour vous offrir des soins en physioth\u00e9rapie et vous accompagner dans votre r\u00e9adaptation autant \u00e0 court, moyen et long terme.\u00a0Voici les \u00e9tapes pour une prise en charge [&hellip;]<\/p>","protected":false},"author":1,"featured_media":0,"parent":0,"menu_order":0,"comment_status":"closed","ping_status":"closed","template":"","meta":{"footnotes":""},"class_list":["post-9098","page","type-page","status-publish","hentry"],"_links":{"self":[{"href":"https:\/\/www.physioemotion.ca\/fr\/wp-json\/wp\/v2\/pages\/9098","targetHints":{"allow":["GET"]}}],"collection":[{"href":"https:\/\/www.physioemotion.ca\/fr\/wp-json\/wp\/v2\/pages"}],"about":[{"href":"https:\/\/www.physioemotion.ca\/fr\/wp-json\/wp\/v2\/types\/page"}],"author":[{"embeddable":true,"href":"https:\/\/www.physioemotion.ca\/fr\/wp-json\/wp\/v2\/users\/1"}],"replies":[{"embeddable":true,"href":"https:\/\/www.physioemotion.ca\/fr\/wp-json\/wp\/v2\/comments?post=9098"}],"version-history":[{"count":14,"href":"https:\/\/www.physioemotion.ca\/fr\/wp-json\/wp\/v2\/pages\/9098\/revisions"}],"predecessor-version":[{"id":9117,"href":"https:\/\/www.physioemotion.ca\/fr\/wp-json\/wp\/v2\/pages\/9098\/revisions\/9117"}],"wp:attachment":[{"href":"https:\/\/www.physioemotion.ca\/fr\/wp-json\/wp\/v2\/media?parent=9098"}],"curies":[{"name":"wp","href":"https:\/\/api.w.org\/{rel}","templated":true}]}}