{"id":9114,"date":"2025-09-02T11:24:45","date_gmt":"2025-09-02T15:24:45","guid":{"rendered":"https:\/\/pascalcaillens.com\/physio\/?page_id=9114"},"modified":"2025-09-02T11:27:38","modified_gmt":"2025-09-02T15:27:38","slug":"un-accident-de-travail-cnesst","status":"publish","type":"page","link":"https:\/\/www.physioemotion.ca\/fr\/un-accident-de-travail-cnesst\/","title":{"rendered":"Un accident de travail (CNESST)"},"content":{"rendered":"<div data-elementor-type=\"wp-page\" data-elementor-id=\"9114\" class=\"elementor elementor-9114\" data-elementor-post-type=\"page\">\n\t\t\t\t<div class=\"elementor-element elementor-element-5517664 e-flex e-con-boxed e-con e-parent\" data-id=\"5517664\" data-element_type=\"container\" id=\"saaq\">\n\t\t\t\t\t<div class=\"e-con-inner\">\n\t\t<div class=\"elementor-element elementor-element-16a21b1 e-con-full e-flex e-con e-child\" data-id=\"16a21b1\" data-element_type=\"container\">\n\t\t\t\t<div class=\"elementor-element elementor-element-8be3d1d elementor-widget elementor-widget-text-editor\" data-id=\"8be3d1d\" data-element_type=\"widget\" data-widget_type=\"text-editor.default\">\n\t\t\t\t<div class=\"elementor-widget-container\">\n\t\t\t\t\t\t\t\t\t<p>Suite \u00e0 un accident de travail, cela peut para\u00eetre complexe et ardu de s\u2019y retrouver \u00e0 travers toute cette paperasse\u2026 Voici les grandes lignes simples pour un d\u00e9but de prise en charge rapide et efficace en physioth\u00e9rapie:<\/p><ol start=\"1\"><li>Informez votre employeur ou votre sup\u00e9rieur imm\u00e9diat de l\u2019accident avec date, heure, description de l\u2019accident et la localisation de la douleur.<\/li><li>Consultez rapidement un m\u00e9decin. Il vous fournira une attestation m\u00e9dicale qui vous servira \u00e0 justifier votre absence au travail s\u2019il y a lieu et \u00e0 ouvrir votre dossier aupr\u00e8s de la CNESST (la Commission des normes, de l\u2019\u00e9quit\u00e9, de la sant\u00e9 et de la s\u00e9curit\u00e9 du travail). Selon votre condition, le m\u00e9decin pourrait recommander des traitements de physioth\u00e9rapie, entre autres.<\/li><li><div role=\"presentation\">Remplissez la <a id=\"m_-1837686316499421430OWA67797ff1-2e79-107d-2e07-3d0e80d540db\" href=\"https:\/\/www.cnesst.gouv.qc.ca\/fr\/demarches-formulaires\/travailleuses-travailleurs\/accident-travail-maladie-professionnelle\/quoi-faire-si-vous-avez-un-accident-travail\" target=\"_blank\" rel=\"noopener\" data-saferedirecturl=\"https:\/\/www.google.com\/url?q=https:\/\/www.cnesst.gouv.qc.ca\/fr\/demarches-formulaires\/travailleuses-travailleurs\/accident-travail-maladie-professionnelle\/quoi-faire-si-vous-avez-un-accident-travail&amp;source=gmail&amp;ust=1756912111907000&amp;usg=AOvVaw08g4wySmdKw6dRdpT-fNHN\">R\u00e9clamation du travailleur de la CNESST<\/a>.<\/div><\/li><li><div role=\"presentation\">Ouvrer votre dossier CNESST en ligne ici <a id=\"m_-1837686316499421430LPlnkOWAd9aa8bad-c879-49e4-ccd4-a26c6b7febf5\" href=\"https:\/\/www.cnesst.gouv.qc.ca\/fr\/mon-espace-cnesst\/mon-espace-cnesst-travailleuses-travailleurs\" target=\"_blank\" rel=\"noopener\" data-saferedirecturl=\"https:\/\/www.google.com\/url?q=https:\/\/www.cnesst.gouv.qc.ca\/fr\/mon-espace-cnesst\/mon-espace-cnesst-travailleuses-travailleurs&amp;source=gmail&amp;ust=1756912111907000&amp;usg=AOvVaw34OxTRIOxjHSoZlzOxI3CO\"> MonEspace CNESST pour les travailleuses et travailleurs | Commission des normes de l&#8217;\u00e9quit\u00e9 de la sant\u00e9 et de la s\u00e9curit\u00e9 du travail &#8211; CNESST<\/a><\/div><\/li><li><div role=\"presentation\"><a id=\"m_-1837686316499421430LPlnkOWAd9aa8bad-c879-49e4-ccd4-a26c6b7febf5\" href=\"https:\/\/www.cnesst.gouv.qc.ca\/fr\/mon-espace-cnesst\/mon-espace-cnesst-travailleuses-travailleurs\" target=\"_blank\" rel=\"noopener\" data-saferedirecturl=\"https:\/\/www.google.com\/url?q=https:\/\/www.cnesst.gouv.qc.ca\/fr\/mon-espace-cnesst\/mon-espace-cnesst-travailleuses-travailleurs&amp;source=gmail&amp;ust=1756912111907000&amp;usg=AOvVaw34OxTRIOxjHSoZlzOxI3CO\"><\/a>Contactez-nous au <a href=\"tel:+18199434865\"><strong>(819) 943-4865<\/strong><\/a> pour planifier votre premier rendez-vous ou r\u00e9servez directement en ligne sur notre plateforme <a href=\"https:\/\/www.gorendezvous.com\/physioemotion?companyId=136893\"><strong>Go Rendez-vous.<\/strong><\/a><\/div><\/li><\/ol><h3>\u00c0 savoir\u2026<\/h3><div>\u2013 Tous les traitements sont couverts par la CNESST et sont sans frais pour vous.<\/div><div>\u2013 Vous pouvez aussi obtenir un remboursement par la CNESST de vos frais de d\u00e9placement pour recevoir des soins, incluant le kilom\u00e9trage et les frais de stationnement.<\/div>\t\t\t\t\t\t\t\t<\/div>\n\t\t\t\t<\/div>\n\t\t\t\t<\/div>\n\t\t<div class=\"elementor-element elementor-element-41c9e6e e-con-full e-flex e-con e-child\" data-id=\"41c9e6e\" data-element_type=\"container\">\n\t\t\t\t<div class=\"elementor-element elementor-element-e1a4a54 elementor-widget elementor-widget-image\" data-id=\"e1a4a54\" data-element_type=\"widget\" data-widget_type=\"image.default\">\n\t\t\t\t<div class=\"elementor-widget-container\">\n\t\t\t\t\t\t\t\t\t\t\t\t\t\t\t<img fetchpriority=\"high\" decoding=\"async\" width=\"576\" height=\"575\" src=\"https:\/\/www.physioemotion.ca\/wp-content\/uploads\/2025\/09\/Capture-decran-le-2025-09-02-a-11.21.18.png\" class=\"attachment-large size-large wp-image-9106\" alt=\"\" srcset=\"https:\/\/www.physioemotion.ca\/wp-content\/uploads\/2025\/09\/Capture-decran-le-2025-09-02-a-11.21.18.png 576w, https:\/\/www.physioemotion.ca\/wp-content\/uploads\/2025\/09\/Capture-decran-le-2025-09-02-a-11.21.18-300x300.png 300w, https:\/\/www.physioemotion.ca\/wp-content\/uploads\/2025\/09\/Capture-decran-le-2025-09-02-a-11.21.18-150x150.png 150w, https:\/\/www.physioemotion.ca\/wp-content\/uploads\/2025\/09\/Capture-decran-le-2025-09-02-a-11.21.18-12x12.png 12w, https:\/\/www.physioemotion.ca\/wp-content\/uploads\/2025\/09\/Capture-decran-le-2025-09-02-a-11.21.18-100x100.png 100w\" sizes=\"(max-width: 576px) 100vw, 576px\" \/>\t\t\t\t\t\t\t\t\t\t\t\t\t\t\t<\/div>\n\t\t\t\t<\/div>\n\t\t\t\t<\/div>\n\t\t\t\t\t<\/div>\n\t\t\t\t<\/div>\n\t\t\t\t<\/div>","protected":false},"excerpt":{"rendered":"<p>Suite \u00e0 un accident de travail, cela peut para\u00eetre complexe et ardu de s\u2019y retrouver \u00e0 travers toute cette paperasse\u2026 Voici les grandes lignes simples pour un d\u00e9but de prise en charge rapide et efficace en physioth\u00e9rapie: Informez votre employeur ou votre sup\u00e9rieur imm\u00e9diat de l\u2019accident avec date, heure, description de l\u2019accident et la localisation [&hellip;]<\/p>","protected":false},"author":1,"featured_media":0,"parent":0,"menu_order":0,"comment_status":"closed","ping_status":"closed","template":"","meta":{"footnotes":""},"class_list":["post-9114","page","type-page","status-publish","hentry"],"_links":{"self":[{"href":"https:\/\/www.physioemotion.ca\/fr\/wp-json\/wp\/v2\/pages\/9114","targetHints":{"allow":["GET"]}}],"collection":[{"href":"https:\/\/www.physioemotion.ca\/fr\/wp-json\/wp\/v2\/pages"}],"about":[{"href":"https:\/\/www.physioemotion.ca\/fr\/wp-json\/wp\/v2\/types\/page"}],"author":[{"embeddable":true,"href":"https:\/\/www.physioemotion.ca\/fr\/wp-json\/wp\/v2\/users\/1"}],"replies":[{"embeddable":true,"href":"https:\/\/www.physioemotion.ca\/fr\/wp-json\/wp\/v2\/comments?post=9114"}],"version-history":[{"count":6,"href":"https:\/\/www.physioemotion.ca\/fr\/wp-json\/wp\/v2\/pages\/9114\/revisions"}],"predecessor-version":[{"id":9123,"href":"https:\/\/www.physioemotion.ca\/fr\/wp-json\/wp\/v2\/pages\/9114\/revisions\/9123"}],"wp:attachment":[{"href":"https:\/\/www.physioemotion.ca\/fr\/wp-json\/wp\/v2\/media?parent=9114"}],"curies":[{"name":"wp","href":"https:\/\/api.w.org\/{rel}","templated":true}]}}